{"id":6022,"date":"2024-02-11T22:57:56","date_gmt":"2024-02-11T22:57:56","guid":{"rendered":"https:\/\/bremerhaven.globalcruiseports.com\/schedule\/"},"modified":"2026-01-27T13:11:57","modified_gmt":"2026-01-27T13:11:57","slug":"zeitplan","status":"publish","type":"page","link":"https:\/\/bremerhavencruiseport.com\/de\/zeitplan\/","title":{"rendered":"ZEITPLAN"},"content":{"rendered":"\r\n<section class=\"section page page-sustainability footer-space-pd page-bg-light \">\r\n\t<style>\r\n                .page-header-bg {\r\n                    background-image: url(https:\/\/bremerhavencruiseport.com\/wp-content\/uploads\/sites\/41\/2025\/05\/aa-scaled.jpg);\r\n                    background-size: cover;\r\n                    background-position: center;\r\n                }\r\n\t\t\t\t.hero-content{\r\n\t\t\t\t    top: 50%;\r\n    \t\t\t\tposition: absolute;\r\n    \t\t\t\ttransform: translateY(-50%);\r\n\t\t\t\t}\r\n              <\/style><div class=\"page-header-bg pr\">\t<div class=\"container w100\">\r\n\t\t<div class=\"row flex hero-content\">\r\n\t\t\t<div class=\"cl-12 page-header\">\r\n\t\t\t\t<h5>ZEITPLAN<\/h5>\r\n\t\t\t\t<h1>Abfahrtsplan<\/h1>\r\n\t\t\t<\/div>\r\n\t\t<\/div>\r\n\t<\/div>\r\n\t<\/div>\r\n\t<div class=\"schedule-container\">\r\n\t\t<div class=\"container\">\r\n\t\t\t<div class=\"row flex align-i-center justify-c-center\">\r\n\t\t\t\t<div class=\"cl-10\">\r\n\t\t\t\t\t<div class=\"\">\r\n\t\t\t\t\t\t<div class=\"row flex page-sub-menu\">\r\n\t\t\t\t\t\t\t<div class=\"cl-12\">\r\n\t\t\t\t\t\t\t\t<ul class=\"flex align-i-center justify-c-center schedule-tab-menu\">\r\n\t\t\t\t\t\t\t\t\t<li id=\"tabButton1\" class=\"tab-button current-menu-item schedule-cruise-tab\">\r\n\t\t\t\t\t\t\t\t\t\t<span onclick=\"showTab('tab1', 'tabButton1')\">\r\n\t\t\t\t\t\t\t\t\t\t\t<img decoding=\"async\" src=\"https:\/\/bremerhavencruiseport.com\/wp-content\/themes\/mbcglobalports\/assets\/img\/schedule-icon-i.svg\" alt=\"\" \/>\r\n\t\t\t\t\t\t\t\t\t\t\tAbfahrtsplan\t\t\t\t\t\t\t\t\t\t<\/span>\r\n\t\t\t\t\t\t\t\t\t<\/li>\r\n\t\t\t\t\t\t\t\t<\/ul>\r\n\t\t\t\t\t\t\t<\/div>\r\n\t\t\t\t\t\t<\/div>\r\n\t\t\t\t\t\t<div class=\"row flex\">\r\n\t\t\t\t\t\t\t<div class=\"cl-12\">\r\n\t\t\t\t\t\t\t\t<div id=\"tab1\" class=\"tab-2-content active-tab\">\r\n\r\n\t\t\t\t\t\t\t\t\t<form id=\"cruiseSearchForm\">\r\n\t\t\t\t\t\t\t\t\t\t<div class=\"form-group\">\r\n\t\t\t\t\t\t\t\t\t\t\t<label for=\"fromDate\">\r\n\t\t\t\t\t\t\t\t\t\t\t\tVon Datum:<\/label>\r\n\t\t\t\t\t\t\t\t\t\t\t<input type=\"date\" value=\"\" id=\"fromDate\" name=\"fromDate\" required>\r\n\t\t\t\t\t\t\t\t\t\t<\/div>\r\n\t\t\t\t\t\t\t\t\t\t<div class=\"form-group\">\r\n\t\t\t\t\t\t\t\t\t\t\t<label for=\"toDate\">\r\n\t\t\t\t\t\t\t\t\t\t\t\tBis Datum:<\/label>\r\n\t\t\t\t\t\t\t\t\t\t\t<input type=\"date\" id=\"toDate\" value=\"\" name=\"toDate\" required>\r\n\t\t\t\t\t\t\t\t\t\t<\/div>\r\n\r\n\t\t\t\t\t\t\t\t\t\t<script>\r\n\t\t\t\t\t\t\t\t\t\t\tdocument.addEventListener('DOMContentLoaded', function() {\r\n\t\t\t\t\t\t\t\t\t\t\t\tvar today = new Date().toISOString().split('T')[0];\r\n\t\t\t\t\t\t\t\t\t\t\t\tdocument.getElementById('fromDate').setAttribute('min', today);\r\n\t\t\t\t\t\t\t\t\t\t\t\tdocument.getElementById('toDate').setAttribute('min', today);\r\n\t\t\t\t\t\t\t\t\t\t\t});\r\n\t\t\t\t\t\t\t\t\t\t<\/script>\r\n\r\n\t\t\t\t\t\t\t\t\t\t<div class=\"form-group\">\r\n\t\t\t\t\t\t\t\t\t\t\t<label for=\"cruiseLine\">\r\n\t\t\t\t\t\t\t\t\t\t\t\tKreuzfahrtgesellschaft:<\/label>\r\n\r\n\t\t\t\t\t\t\t\t\t\t\t<select id=\"cruiseLine\" name=\"cruiseLine\" required>\r\n\t\t\t\t\t\t\t\t\t\t\t\t<option value=\"\" disabled selected>\r\n\t\t\t\t\t\t\t\t\t\t\t\t\tW\u00e4hlen\t\t\t\t\t\t\t\t\t\t\t\t<\/option>\r\n\t\t\t\t\t\t\t\t\t\t\t\t<option value=\"all\" >\r\n\t\t\t\t\t\t\t\t\t\t\t\t\tAll\t\t\t\t\t\t\t\t\t\t\t\t<\/option>\r\n\t\t\t\t\t\t\t\t\t\t\t\t<option value=\"AIDA Cruises\" >AIDA Cruises<\/option><option value=\"Ambassador Cruise Line\" >Ambassador Cruise Line<\/option><option value=\"Cunard Line\" >Cunard Line<\/option><option value=\"Disney Cruise Line\" >Disney Cruise Line<\/option><option value=\"Hapag-Lloyd Cruises\" >Hapag-Lloyd Cruises<\/option><option value=\"Hurtigruten\" >Hurtigruten<\/option><option value=\"NYK CRUISES CO., LTD.\" >NYK CRUISES CO., LTD.<\/option><option value=\"Oceania Cruises\" >Oceania Cruises<\/option><option value=\"P&amp;O Cruises\" >P&amp;O Cruises<\/option><option value=\"Phoenix Reisen\" >Phoenix Reisen<\/option><option value=\"Regent Seven Seas Cruises\" >Regent Seven Seas Cruises<\/option><option value=\"ResidenSea\" >ResidenSea<\/option><option value=\"Saga Cruises\" >Saga Cruises<\/option><option value=\"Semester At Sea\" >Semester At Sea<\/option><option value=\"TUI Cruises\" >TUI Cruises<\/option>\t\t\t\t\t\t\t\t\t\t\t<\/select>\r\n\t\t\t\t\t\t\t\t\t\t<\/div>\r\n\t\t\t\t\t\t\t\t\t\t<div class=\"form-group\">\r\n\t\t\t\t\t\t\t\t\t\t\t<button type=\"button\" id=\"searchCruise\" class=\"primary-color\">\r\n\t\t\t\t\t\t\t\t\t\t\t\tSUCHEN\t\t\t\t\t\t\t\t\t\t\t\t<svg xmlns=\"http:\/\/www.w3.org\/2000\/svg\" width=\"12.828\" height=\"12.829\" viewBox=\"0 0 12.828 12.829\" class=\"primary-stroke\">\r\n\t\t\t\t\t\t\t\t\t\t\t\t\t<g id=\"Icon_feather-arrow-up-right\" data-name=\"Icon feather-arrow-up-right\" transform=\"translate(-9.086 -9.086)\">\r\n\t\t\t\t\t\t\t\t\t\t\t\t\t\t<path id=\"Path_3\" data-name=\"Path 3\" d=\"M10.5,20.5l10-10\" fill=\"none\" class=\"primary-stroke\" stroke-linecap=\"round\" stroke-linejoin=\"round\" stroke-width=\"2\"><\/path>\r\n\t\t\t\t\t\t\t\t\t\t\t\t\t\t<path id=\"Path_4\" data-name=\"Path 4\" d=\"M10.5,10.5h10v10\" fill=\"none\" class=\"primary-stroke\" stroke-linecap=\"round\" stroke-linejoin=\"round\" stroke-width=\"2\"><\/path>\r\n\t\t\t\t\t\t\t\t\t\t\t\t\t<\/g>\r\n\t\t\t\t\t\t\t\t\t\t\t\t<\/svg>\r\n\t\t\t\t\t\t\t\t\t\t\t<\/button>\r\n\t\t\t\t\t\t\t\t\t\t<\/div>\r\n\t\t\t\t\t\t\t\t\t<\/form>\r\n\r\n\t\t\t\t\t\t\t\t\t<div class=\"page-schedule-cruise-schedule-starter\"><\/div>\r\n\t\t\t\t\t\t\t\t\t\r\n\t\t\t\t\t\t\t\t\t<div id=\"loader\" style=\"display:none;\">\r\n\t\t\t\t\t\t\t\t\t\tLoading&#8230;\r\n\t\t\t\t\t\t\t\t\t<\/div>\r\n\t\t\t\t\t\t\t\t\t\r\n\t\t\t\t\t\t\t\t\t<style>\r\n\t\t\t\t\t\t\t\t\t\t#loader {\r\n\t\t\t\t\t\t\t\t\t\t\tposition: fixed;\r\n\t\t\t\t\t\t\t\t\t\t\tleft: 50%;\r\n\t\t\t\t\t\t\t\t\t\t\ttop: 50%;\r\n\t\t\t\t\t\t\t\t\t\t\ttransform: translate(-50%, -50%);\r\n\t\t\t\t\t\t\t\t\t\t\tfont-size: 20px;\r\n\t\t\t\t\t\t\t\t\t\t\tcolor: #555;\r\n\t\t\t\t\t\t\t\t\t\t\tz-index: 1000;\r\n\t\t\t\t\t\t\t\t\t\t}\r\n\t\t\t\t\t\t\t\t\t<\/style>\r\n\r\n\t\t\t\t\t\t\t\t\t\t\t\t\t\t\t\t\t\t<script>\r\n\t\t\t\t\t\t\t\t\t\t(function($) {\r\n\t\t\t\t\t\t\t\t\t\t\t$(document).ready(function() {\r\n\t\t\t\t\t\t\t\t\t\t\t\tvar startIndex = 0;\r\n\t\t\t\t\t\t\t\t\t\t\t\tvar lang = \"de\";\r\n\r\n\t\t\t\t\t\t\t\t\t\t\t\tfunction fetchTableData(isLoadMore) {\r\n\t\t\t\t\t\t\t\t\t\t\t\t\tisLoadMore = isLoadMore || false;\r\n\t\t\t\t\t\t\t\t\t\t\t\t\t\r\n\t\t\t\t\t\t\t\t\t\t\t\t\tvar fromDate = $(\"#fromDate\").val();\r\n\t\t\t\t\t\t\t\t\t\t\t\t\tvar toDate = $(\"#toDate\").val();\r\n\t\t\t\t\t\t\t\t\t\t\t\t\tvar cruiseLine = $(\"#cruiseLine\").val();\r\n\r\n\t\t\t\t\t\t\t\t\t\t\t\t\tvar lastUpdateLabel = 'Letzte Aktualisierung';\r\n\t\t\t\t\t\t\t\t\t\t\t\t\tvar downloadPDFLabel = 'PDF herunterladen';\r\n\t\t\t\t\t\t\t\t\t\t\t\t\tvar downloadExcelLabel = 'Available Berths';\r\n\t\t\t\t\t\t\t\t\t\t\t\t\tvar downloadPDFIcon = 'https:\/\/bremerhavencruiseport.com\/wp-content\/uploads\/sites\/41\/2024\/04\/icon-download-pdf.svg';\r\n\t\t\t\t\t\t\t\t\t\t\t\t\tvar downloadExcelIcon = 'https:\/\/bremerhavencruiseport.com\/wp-content\/uploads\/sites\/41\/2024\/04\/icon-download-excel.svg';\r\n\r\n\t\t\t\t\t\t\t\t\t\t\t\t\tvar urlParams = {\r\n\t\t\t\t\t\t\t\t\t\t\t\t\t\tstartIndex: startIndex\r\n\t\t\t\t\t\t\t\t\t\t\t\t\t};\r\n\r\n\t\t\t\t\t\t\t\t\t\t\t\t\tif (lang) {\r\n\t\t\t\t\t\t\t\t\t\t\t\t\t\turlParams['lang'] = lang;\r\n\t\t\t\t\t\t\t\t\t\t\t\t\t}\r\n\r\n\t\t\t\t\t\t\t\t\t\t\t\t\tif (fromDate) urlParams['param2'] = fromDate;\r\n\t\t\t\t\t\t\t\t\t\t\t\t\tif (toDate) urlParams['param4'] = toDate;\r\n\t\t\t\t\t\t\t\t\t\t\t\t\tif (cruiseLine && cruiseLine !== 'all') urlParams['param7'] = cruiseLine;\r\n\r\n\t\t\t\t\t\t\t\t\t\t\t\t\tif (lastUpdateLabel) urlParams['lastUpdateLabel'] = lastUpdateLabel;\r\n\t\t\t\t\t\t\t\t\t\t\t\t\tif (downloadPDFLabel) urlParams['downloadPDFLabel'] = downloadPDFLabel;\r\n\t\t\t\t\t\t\t\t\t\t\t\t\tif (downloadExcelLabel) urlParams['downloadExcelLabel'] = downloadExcelLabel;\r\n\t\t\t\t\t\t\t\t\t\t\t\t\tif (downloadPDFIcon) urlParams['downloadPDFIcon'] = downloadPDFIcon;\r\n\t\t\t\t\t\t\t\t\t\t\t\t\tif (downloadExcelIcon) urlParams['downloadExcelIcon'] = downloadExcelIcon;\r\n\r\n\t\t\t\t\t\t\t\t\t\t\t\t\tif (!isLoadMore) {\r\n\t\t\t\t\t\t\t\t\t\t\t\t\t\t$(\"#loader\").show();\r\n\t\t\t\t\t\t\t\t\t\t\t\t\t}\r\n\r\n\t\t\t\t\t\t\t\t\t\t\t\t\t$.ajax({\r\n\t\t\t\t\t\t\t\t\t\t\t\t\t\turl: 'https:\/\/bremerhavencruiseport.com\/wp-content\/themes\/mbcglobalports\/includes\/api\/schedule.php',\r\n\t\t\t\t\t\t\t\t\t\t\t\t\t\ttype: 'GET',\r\n\t\t\t\t\t\t\t\t\t\t\t\t\t\tdata: urlParams,\r\n\t\t\t\t\t\t\t\t\t\t\t\t\t\tsuccess: function(data) {\r\n\t\t\t\t\t\t\t\t\t\t\t\t\t\t\tif (!isLoadMore) {\r\n\t\t\t\t\t\t\t\t\t\t\t\t\t\t\t\t$(\"#loader\").hide();\r\n\t\t\t\t\t\t\t\t\t\t\t\t\t\t\t\t$(\".page-schedule-cruise-schedule-starter\").empty().append(data);\r\n\t\t\t\t\t\t\t\t\t\t\t\t\t\t\t\tstartIndex = 10;\r\n\t\t\t\t\t\t\t\t\t\t\t\t\t\t\t\t$(\"#loadMore\").attr(\"data-index\", startIndex);\r\n\t\t\t\t\t\t\t\t\t\t\t\t\t\t\t} else {\r\n\t\t\t\t\t\t\t\t\t\t\t\t\t\t\t\t$(\".page-schedule-cruise-schedule-starter\").append(data);\r\n\t\t\t\t\t\t\t\t\t\t\t\t\t\t\t\tstartIndex += 10;\r\n\t\t\t\t\t\t\t\t\t\t\t\t\t\t\t\t$(\"#loadMore\").attr(\"data-index\", startIndex);\r\n\t\t\t\t\t\t\t\t\t\t\t\t\t\t\t}\r\n\t\t\t\t\t\t\t\t\t\t\t\t\t\t},\r\n\t\t\t\t\t\t\t\t\t\t\t\t\t\terror: function(xhr, status, error) {\r\n\t\t\t\t\t\t\t\t\t\t\t\t\t\t\tif (!isLoadMore) $(\"#loader\").hide();\r\n\t\t\t\t\t\t\t\t\t\t\t\t\t\t\tconsole.error(\"AJAX Error:\", status, error);\r\n\t\t\t\t\t\t\t\t\t\t\t\t\t\t}\r\n\t\t\t\t\t\t\t\t\t\t\t\t\t});\r\n\t\t\t\t\t\t\t\t\t\t\t\t}\r\n\r\n\t\t\t\t\t\t\t\t\t\t\t\tfetchTableData();\r\n\r\n\t\t\t\t\t\t\t\t\t\t\t\t$(document).on(\"click\", \"#loadMore\", function() {\r\n\t\t\t\t\t\t\t\t\t\t\t\t\tstartIndex = parseInt($(this).attr(\"data-index\")) || 0;\r\n\t\t\t\t\t\t\t\t\t\t\t\t\tfetchTableData(true);\r\n\t\t\t\t\t\t\t\t\t\t\t\t});\r\n\r\n\t\t\t\t\t\t\t\t\t\t\t\t$(\"#searchCruise\").on(\"click\", function() {\r\n\t\t\t\t\t\t\t\t\t\t\t\t\tstartIndex = 0;\r\n\t\t\t\t\t\t\t\t\t\t\t\t\tfetchTableData();\r\n\t\t\t\t\t\t\t\t\t\t\t\t});\r\n\t\t\t\t\t\t\t\t\t\t\t});\r\n\t\t\t\t\t\t\t\t\t\t})(jQuery);\r\n\t\t\t\t\t\t\t\t\t<\/script>\r\n\r\n\t\t\t\t\t\t\t\t<\/div>\r\n\t\t\t\t\t\t\t<\/div>\r\n\t\t\t\t\t\t<\/div>\r\n\t\t\t\t\t\t<div class=\"row flex schedule-announcement\">\r\n\t\t\t\t\t\t\t<div class=\"cl-12\">\r\n\t\t\t\t\t\t\t\t<div class=\"flex\">\r\n\t\t\t\t\t\t\t\t\t\t\t\t\t\t\t\t\t\t<div class=\"icon\">\r\n\t\t\t\t\t\t\t\t\t\t<img decoding=\"async\" src=\"https:\/\/bremerhavencruiseport.com\/wp-content\/uploads\/sites\/41\/2024\/04\/icon-announcement.svg\" alt=\"\" \/>\r\n\t\t\t\t\t\t\t\t\t<\/div>\r\n\t\t\t\t\t\t\t\t\t\t\t\t\t\t\t\t\t\t<div class=\"content\">\r\n\t\t\t\t\t\t\t\t\t\t\t\t\t\t\t\t\t\t\t\t<h4>Hinweis zum Abfahrtsplan<\/h4>\r\n\t\t\t\t\t\t\t\t\t\t\t\t\t\t\t\t\t\t\t\t\t\t\t\t\t\t\t\t\t\t<p>Die Abfahrtspl\u00e4ne dienen nur als Referenz und k\u00f6nnen sich aufgrund von Wetterbedingungen oder betrieblichen Gr\u00fcnden \u00e4ndern.<\/p>\r\n\t\t\t\t\t\t\t\t\t\t\t\t\t\t\t\t\t\t\t<\/div>\r\n\t\t\t\t\t\t\t\t<\/div>\r\n\t\t\t\t\t\t\t<\/div>\r\n\t\t\t\t\t\t<\/div>\r\n\t\t\t\t\t<\/div>\r\n\t\t\t\t<\/div>\r\n\t\t\t<\/div>\r\n\t\t<\/div>\r\n\t<\/div>\r\n<\/section>","protected":false},"excerpt":{"rendered":"","protected":false},"author":1,"featured_media":0,"parent":0,"menu_order":53,"comment_status":"closed","ping_status":"closed","template":"","meta":{"_acf_changed":false,"footnotes":""},"class_list":["post-6022","page","type-page","status-publish","hentry"],"acf":[],"_links":{"self":[{"href":"https:\/\/bremerhavencruiseport.com\/de\/wp-json\/wp\/v2\/pages\/6022","targetHints":{"allow":["GET"]}}],"collection":[{"href":"https:\/\/bremerhavencruiseport.com\/de\/wp-json\/wp\/v2\/pages"}],"about":[{"href":"https:\/\/bremerhavencruiseport.com\/de\/wp-json\/wp\/v2\/types\/page"}],"author":[{"embeddable":true,"href":"https:\/\/bremerhavencruiseport.com\/de\/wp-json\/wp\/v2\/users\/1"}],"replies":[{"embeddable":true,"href":"https:\/\/bremerhavencruiseport.com\/de\/wp-json\/wp\/v2\/comments?post=6022"}],"version-history":[{"count":4,"href":"https:\/\/bremerhavencruiseport.com\/de\/wp-json\/wp\/v2\/pages\/6022\/revisions"}],"predecessor-version":[{"id":7103,"href":"https:\/\/bremerhavencruiseport.com\/de\/wp-json\/wp\/v2\/pages\/6022\/revisions\/7103"}],"wp:attachment":[{"href":"https:\/\/bremerhavencruiseport.com\/de\/wp-json\/wp\/v2\/media?parent=6022"}],"curies":[{"name":"wp","href":"https:\/\/api.w.org\/{rel}","templated":true}]}}