{"id":6009,"date":"2024-02-12T08:51:37","date_gmt":"2024-02-12T08:51:37","guid":{"rendered":"https:\/\/bremerhaven.globalcruiseports.com\/term-of-use\/"},"modified":"2025-09-23T13:42:10","modified_gmt":"2025-09-23T13:42:10","slug":"nutzungsbedingungen","status":"publish","type":"page","link":"https:\/\/bremerhavencruiseport.com\/de\/nutzungsbedingungen\/","title":{"rendered":"Nutzungsbedingungen"},"content":{"rendered":"\r\n<section class=\"section page page-policy footer-space-mr \">\r\n\t<div class=\"container\">\r\n\t    <div class=\"row flex align-i-end\">\r\n        <div class=\"cl-5 page-header\">\r\n            <h5>NUTZUNGSBEDINGUNGEN<\/h5>\r\n            <h1>\r\n                Nutzungsbedingungen<br \/>\r\n                <span class=\"primary-color\"><\/span>\r\n            <\/h1>\r\n        <\/div>\r\n        <div class=\"cl-7 page-description\">\r\n            Diese Nutzungsbedingungen (im Folgenden als &#8222;Bedingungen&#8220; bezeichnet) regeln Ihren Zugang zu und Ihre Nutzung der Website www.bremerhavencruiseport.com (die &#8222;Website&#8220;) und der von Global Ports Holding Limited und ihren Tochtergesellschaften, die im Kreuzfahrthafen Bremerhaven t\u00e4tig sind (zusammenfassend als &#8222;ANBIETER&#8220;, &#8222;wir&#8220;, &#8222;uns&#8220; oder &#8222;unser&#8220; bezeichnet), angebotenen Dienstleistungen.        <\/div>\r\n    <\/div>\r\n\t\t<div class=\"row flex page-sub-menu\">\r\n\t\t\t<div class=\"cl-12\">\r\n\t\t\t\t<ul class=\"flex align-i-center justify-c-center\">\r\n\t\t\t\t\t<li id=\"menu-item-177\" class=\"menu-item menu-item-type-post_type menu-item-object-page menu-item-177\"><a rel=\"privacy-policy\" href=\"https:\/\/bremerhavencruiseport.com\/privacy-notice\/\">Datenschutzhinweis<\/a><\/li>\n<li id=\"menu-item-180\" class=\"menu-item menu-item-type-post_type menu-item-object-page menu-item-180\"><a href=\"https:\/\/bremerhavencruiseport.com\/cookies\/\">Cookie-Richtlinie<\/a><\/li>\n<li id=\"menu-item-6319\" class=\"menu-item menu-item-type-post_type menu-item-object-page menu-item-6319\"><a href=\"https:\/\/bremerhavencruiseport.com\/legal-information\/\">Rechtliche Hinweise<\/a><\/li>\n<li id=\"menu-item-6328\" class=\"menu-item menu-item-type-post_type menu-item-object-page menu-item-6328\"><a href=\"https:\/\/bremerhavencruiseport.com\/term-of-use\/\">Nutzungsbedingungen<\/a><\/li>\n\t\t\t\t<\/ul>\r\n\t\t\t<\/div>\r\n\t\t<\/div>\r\n\t\t<div class=\"row flex page-content justify-c-center\">\r\n\t\t\t<div class=\"cl-10 text-justify\">\r\n\t\t\t\t<p><b>NUTZUNGSBEDINGUNGEN<\/b><\/p>\n<p><b>1.EINLEITUNG<\/b><\/p>\n<p><span style=\"font-weight: 400;\">Diese <\/span><b>Nutzungsbedingungen<\/b><span style=\"font-weight: 400;\"> (im Folgenden als &#8222;Bedingungen&#8220; bezeichnet) regeln Ihren Zugang zu und Ihre Nutzung der Website <\/span><strong><a class=\"primary-color\" href=\"http:\/\/www.bremerhavencruiseport.com\">www.bremerhavencruiseport.com<\/a><\/strong><span style=\"font-weight: 400;\"> (die &#8222;Website&#8220;) und der von <\/span><b>Global Ports Holding Limited<\/b><span style=\"font-weight: 400;\"> und ihren Tochtergesellschaften, die im <\/span><b>Kreuzfahrthafen Bremerhaven<\/b><span style=\"font-weight: 400;\"> t\u00e4tig sind (zusammenfassend als &#8222;ANBIETER&#8220;, &#8222;wir&#8220;, &#8222;uns&#8220; oder &#8222;unser&#8220; bezeichnet), angebotenen Dienstleistungen.<\/span><\/p>\n<p><span style=\"font-weight: 400;\">Durch den Zugriff auf die Website oder die Nutzung unserer Dienste erkl\u00e4ren Sie (der &#8222;NUTZER&#8220;) sich mit diesen Bedingungen einverstanden.<\/span><\/p>\n<p><span style=\"font-weight: 400;\">Mit der Annahme dieser Bedingungen<\/span><\/p>\n<ul>\n<li style=\"font-weight: 400;\" aria-level=\"1\"><b>best\u00e4tigt<\/b><span style=\"font-weight: 400;\"> der NUTZER, dass er diese Bedingungen gelesen und verstanden hat und ihnen zustimmt.<\/span><\/li>\n<li style=\"font-weight: 400;\" aria-level=\"1\"><b>erkl\u00e4rt<\/b><span style=\"font-weight: 400;\"> er, dass er gem\u00e4\u00df dem B\u00fcrgerlichen Gesetzbuch (BGB) gesch\u00e4ftsf\u00e4hig ist.<\/span><\/li>\n<li style=\"font-weight: 400;\" aria-level=\"1\"><b>\u00fcbernimmt<\/b><span style=\"font-weight: 400;\"> er alle hierin festgelegten Verpflichtungen und Verantwortlichkeiten.<\/span><\/li>\n<\/ul>\n<p><span style=\"font-weight: 400;\">Diese Bedingungen bleiben auf unbestimmte Zeit g\u00fcltig und gelten f\u00fcr alle Interaktionen mit der Website, sofern vom ANBIETER nicht anders angegeben.<\/span><\/p>\n<p><span style=\"font-weight: 400;\">Der ANBIETER beh\u00e4lt sich das Recht vor, diese Bedingungen jederzeit einseitig zu \u00e4ndern, sofern diese \u00c4nderungen keine r\u00fcckwirkenden Auswirkungen auf bereits ausgef\u00fchrte Dienstleistungen oder Vereinbarungen haben. Alle \u00c4nderungen werden gem\u00e4\u00df <\/span><b>\u00a7 312i des B\u00fcrgerlichen Gesetzbuches (BGB)<\/b><span style=\"font-weight: 400;\"> und <\/span><b>\u00a7 13 des Telemediengesetzes (TMG)<\/b><span style=\"font-weight: 400;\"> \u00fcber die Website oder andere geeignete Kan\u00e4le mitgeteilt.<\/span><\/p>\n<p>&nbsp;<\/p>\n<p><b>2.VERTRAGSPARTEIEN<\/b><\/p>\n<p><span style=\"font-weight: 400;\">Vertragsparteien dieser Bedingungen sind:<\/span><\/p>\n<ul>\n<li style=\"font-weight: 400;\" aria-level=\"1\"><b>Der ANBIETER<\/b><span style=\"font-weight: 400;\">: Global Ports Holding Limited, ein im Vereinigten K\u00f6nigreich registriertes Unternehmen mit Hauptsitz in <\/span><b>3rd Floor, 35 Albemarle Street, London, W1S 4JD<\/b><span style=\"font-weight: 400;\">, und Gesch\u00e4ftsr\u00e4umen in <\/span><b>Bremerhaven Cruise Port, Gesch\u00e4ftsanschrift: Veritaskai 8, 21079 Hamburg, Deutschland<\/b><span style=\"font-weight: 400;\">.<\/span><\/li>\n<li style=\"font-weight: 400;\" aria-level=\"1\"><b>Der NUTZER<\/b><span style=\"font-weight: 400;\">: Jede Person, die auf die Website zugreift oder die Dienste nutzt und die daf\u00fcr verantwortlich ist, die Richtigkeit und Vollst\u00e4ndigkeit aller Informationen zu gew\u00e4hrleisten, die w\u00e4hrend der Interaktion mit dem ANBIETER \u00fcbermittelt werden.<\/span><\/li>\n<\/ul>\n<p>&nbsp;<\/p>\n<p><b>3.ZWECK DER BEDINGUNGEN<\/b><\/p>\n<p><span style=\"font-weight: 400;\">Diese Bedingungen definieren das Vertragsverh\u00e4ltnis zwischen dem ANBIETER und dem NUTZER, das entsteht, wenn der NUTZER \u00fcber die Website oder pers\u00f6nlich im <\/span><b>Bremerhaven Cruise Port<\/b><span style=\"font-weight: 400;\"> mit dem ANBIETER interagiert. Das Vertragsverh\u00e4ltnis umfasst in erster Linie die Erbringung bestimmter Dienstleistungen, wie sie auf der Website beschrieben sind, gegen die angezeigten oder anderweitig vereinbarten Geb\u00fchren und Bedingungen.<\/span><\/p>\n<p><b>Wichtige Compliance-Hinweise:<\/b><\/p>\n<ul>\n<li style=\"font-weight: 400;\" aria-level=\"1\"><b>Verbraucherrechte und Stornierungsbedingungen:<\/b><span style=\"font-weight: 400;\"> Die Rechte der Verbraucher gem\u00e4\u00df <\/span><b>BGB \u00a7\u00a7312-312k<\/b><span style=\"font-weight: 400;\"> sollten in den Abschnitten zum Widerrufsrecht ausdr\u00fccklich genannt werden.<\/span><\/li>\n<li style=\"font-weight: 400;\" aria-level=\"1\"><b>Elektronische Handelsgesch\u00e4fte:<\/b><span style=\"font-weight: 400;\"> Gem\u00e4\u00df <\/span><b>\u00a7 312i BGB<\/b><span style=\"font-weight: 400;\"> sollten alle elektronischen Vertr\u00e4ge vor ihrer Ausf\u00fchrung eine Best\u00e4tigung der Bedingungen enthalten.<\/span><\/li>\n<li style=\"font-weight: 400;\" aria-level=\"1\"><b>Preistransparenz:<\/b><span style=\"font-weight: 400;\"> Alle kostenpflichtigen Dienstleistungen m\u00fcssen gem\u00e4\u00df der <\/span><b>deutschen Preisangabeverordnung (PAngV)<\/b><span style=\"font-weight: 400;\"> klar angegeben werden, wobei vor jeder Transaktion die ausdr\u00fcckliche Zustimmung des NUTZERS einzuholen ist.<\/span><\/li>\n<\/ul>\n<p>&nbsp;<\/p>\n<p><b>4.VERTRAGSABSCHLUSS<\/b><\/p>\n<p><span style=\"font-weight: 400;\">Um bestimmte vom <\/span><b>ANBIETER<\/b><span style=\"font-weight: 400;\"> angebotene Dienstleistungen in Anspruch nehmen zu k\u00f6nnen, muss der <\/span><b>NUTZER<\/b><span style=\"font-weight: 400;\"> einen Registrierungsprozess auf der Website durchlaufen. F\u00fcr die Registrierung muss der NUTZER:<\/span><\/p>\n<ul>\n<li style=\"font-weight: 400;\" aria-level=\"1\"><span style=\"font-weight: 400;\">gem\u00e4\u00df den deutschen Verbraucherschutzgesetzen (\u00a7 312 BGB) korrekte und aktuelle personenbezogene Daten angeben.<\/span><\/li>\n<li style=\"font-weight: 400;\" aria-level=\"1\"><span style=\"font-weight: 400;\">ein sicheres Benutzerkonto mit einem Benutzernamen und einem Passwort erstellen, das der NUTZER sch\u00fctzen und jeden unbefugten Zugriff oder jede Verletzung unverz\u00fcglich melden muss.<\/span><\/li>\n<\/ul>\n<p><span style=\"font-weight: 400;\">Mit dem Abschluss der Registrierung erkl\u00e4rt sich der NUTZER mit Folgendem einverstanden:<\/span><\/p>\n<ul>\n<li style=\"font-weight: 400;\" aria-level=\"1\"><span style=\"font-weight: 400;\">Seine personenbezogenen Daten werden gem\u00e4\u00df der Datenschutzerkl\u00e4rung des ANBIETERS verarbeitet, die der Datenschutz-Grundverordnung (DSGVO) und dem Bundesdatenschutzgesetz (BDSG) entspricht.<\/span><\/li>\n<li style=\"font-weight: 400;\" aria-level=\"1\"><span style=\"font-weight: 400;\">Der Zugang zu den Diensten h\u00e4ngt von der Verf\u00fcgbarkeit und gegebenenfalls vom erfolgreichen Abschluss der Zahlung gem\u00e4\u00df Abschnitt 9 dieser Bedingungen ab.<\/span><\/li>\n<\/ul>\n<p>&nbsp;<\/p>\n<p><b>5.ALLGEMEINE NUTZUNGSBEDINGUNGEN<\/b><\/p>\n<p><span style=\"font-weight: 400;\">Die folgenden allgemeinen Bedingungen gelten f\u00fcr alle angebotenen Dienste:<\/span><\/p>\n<ul>\n<li style=\"font-weight: 400;\" aria-level=\"1\"><span style=\"font-weight: 400;\">Alle Dienste unterliegen diesen Bedingungen. Andere m\u00fcndliche oder schriftliche Vereinbarungen sind nur dann verbindlich, wenn sie vom ANBIETER ausdr\u00fccklich schriftlich akzeptiert wurden.<\/span><\/li>\n<li style=\"font-weight: 400;\" aria-level=\"1\"><span style=\"font-weight: 400;\">Die Dienste werden &#8222;wie besehen&#8220; angeboten, und der ANBIETER \u00fcbernimmt keine \u00fcber die in diesen Bedingungen genannten oder gesetzlich vorgeschriebenen Garantien hinausgehenden ausdr\u00fccklichen oder stillschweigenden Garantien.<\/span><\/li>\n<li style=\"font-weight: 400;\" aria-level=\"1\"><span style=\"font-weight: 400;\">Bei kostenpflichtigen Diensten wird der Gesamtpreis einschlie\u00dflich aller anfallenden Steuern und Geb\u00fchren vor der Transaktion in \u00dcbereinstimmung mit der deutschen Preisangabeverordnung (PAngV) klar kommuniziert.<\/span><\/li>\n<\/ul>\n<p>&nbsp;<\/p>\n<p><b>6.WIDERRUFSRECHT<\/b><\/p>\n<p><span style=\"font-weight: 400;\">Der <\/span><b>NUTZER<\/b><span style=\"font-weight: 400;\"> kann unter den folgenden Bedingungen von seinem Widerrufsrecht Gebrauch machen:<\/span><\/p>\n<ul>\n<li style=\"font-weight: 400;\" aria-level=\"1\"><span style=\"font-weight: 400;\">Der Widerruf muss innerhalb von 14 Kalendertagen nach Vertragsabschluss erfolgen, es sei denn, die Dienstleistung wurde bereits vollst\u00e4ndig erbracht.<\/span><\/li>\n<li style=\"font-weight: 400;\" aria-level=\"1\"><span style=\"font-weight: 400;\">Bestimmte Dienstleistungen, darunter personalisierte oder rechtsverbindliche Dokumente, sind gem\u00e4\u00df geltendem Recht, insbesondere gem\u00e4\u00df \u00a7 312g BGB, vom Widerrufsrecht ausgeschlossen.<\/span><\/li>\n<\/ul>\n<p>&nbsp;<\/p>\n<p><b>Wie kann man widerrufen?<\/b><\/p>\n<ul>\n<li style=\"font-weight: 400;\" aria-level=\"1\"><span style=\"font-weight: 400;\">Widerrufsantr\u00e4ge m\u00fcssen per E-Mail an <strong><a class=\"primary-color\" href=\"mailto:dpo@globalportsholding.com\">dpo@globalportsholding.com<\/a><\/strong> oder schriftlich an die \u00f6rtliche Niederlassung des ANBIETERS in Bremerhaven gerichtet werden.<\/span><\/li>\n<li style=\"font-weight: 400;\" aria-level=\"1\"><span style=\"font-weight: 400;\">Bei elektronisch (online) abgeschlossenen Vertr\u00e4gen muss das Widerrufsrecht gem\u00e4\u00df \u00a7 312i BGB und der EU-Verbraucherrechtsrichtlinie (2011\/83\/EU) vor Abschluss des Gesch\u00e4fts ausdr\u00fccklich best\u00e4tigt werden.<\/span><\/li>\n<\/ul>\n<p>&nbsp;<\/p>\n<p><b>7.STREITIGKEITEN UND HAFTUNG<\/b><\/p>\n<p><span style=\"font-weight: 400;\">Der <\/span><b>ANBIETER<\/b><span style=\"font-weight: 400;\"> ist bestrebt, allen <\/span><b>NUTZERN<\/b><span style=\"font-weight: 400;\"> ein nahtloses und zufriedenstellendes Erlebnis zu bieten. Im Falle von Streitigkeiten gelten jedoch die folgenden Verfahren:<\/span><\/p>\n<ul>\n<li style=\"font-weight: 400;\" aria-level=\"1\"><span style=\"font-weight: 400;\">Der <\/span><b>NUTZER<\/b><span style=\"font-weight: 400;\"> kann eine schriftliche Beschwerde per E-Mail an <\/span><strong><a class=\"primary-color\" href=\"mailto:info@bremerhavencruiseport.com\">info@bremerhavencruiseport.com<\/a><\/strong><span style=\"font-weight: 400;\"> senden und dabei eine detaillierte Beschreibung des Problems vorlegen.<\/span><\/li>\n<li style=\"font-weight: 400;\" aria-level=\"1\"><span style=\"font-weight: 400;\">Der <\/span><b>ANBIETER<\/b><span style=\"font-weight: 400;\"> wird innerhalb von <\/span><b>30 Tagen<\/b><span style=\"font-weight: 400;\"> auf Beschwerden reagieren und entweder das Problem l\u00f6sen oder eine Erkl\u00e4rung abgeben, wenn eine L\u00f6sung innerhalb dieses Zeitraums nicht m\u00f6glich ist.<\/span><\/li>\n<\/ul>\n<p><span style=\"font-weight: 400;\">Gem\u00e4\u00df <\/span><b>\u00a7 13 des B\u00fcrgerlichen Gesetzbuches (BGB) und der EU-Richtlinie \u00fcber alternative Streitbeilegung (ADR) (2013\/11\/EU)<\/b><span style=\"font-weight: 400;\"> k\u00f6nnen NUTZER auch alternative Streitbeilegungsmechanismen in Anspruch nehmen.<\/span><\/p>\n<p>&nbsp;<\/p>\n<p><b>8.H\u00d6HERE GEWALT<\/b><\/p>\n<p><span style=\"font-weight: 400;\">Keine der Parteien haftet f\u00fcr Verz\u00f6gerungen oder die Nichterf\u00fcllung von Verpflichtungen aufgrund von Umst\u00e4nden, die au\u00dferhalb ihrer zumutbaren Kontrolle liegen, einschlie\u00dflich, aber nicht beschr\u00e4nkt auf:<\/span><\/p>\n<ul>\n<li style=\"font-weight: 400;\" aria-level=\"1\"><span style=\"font-weight: 400;\">Naturkatastrophen (z. B. Erdbeben, \u00dcberschwemmungen, St\u00fcrme)<\/span><\/li>\n<li style=\"font-weight: 400;\" aria-level=\"1\"><span style=\"font-weight: 400;\">Staatliche Ma\u00dfnahmen oder regulatorische \u00c4nderungen<\/span><\/li>\n<li style=\"font-weight: 400;\" aria-level=\"1\"><span style=\"font-weight: 400;\">Kriegshandlungen, Terrorismus oder Unruhen<\/span><\/li>\n<li style=\"font-weight: 400;\" aria-level=\"1\"><span style=\"font-weight: 400;\">Arbeitsk\u00e4mpfe oder Streiks, die nicht von der betroffenen Partei verursacht wurden<\/span><\/li>\n<\/ul>\n<p><span style=\"font-weight: 400;\">Die Verpflichtungen aus dieser Vereinbarung werden unverz\u00fcglich nach Beendigung des Ereignisses h\u00f6herer Gewalt wieder aufgenommen. Diese Bestimmung unterliegt dem <\/span><b>deutschen Vertragsrecht gem\u00e4\u00df \u00a7 275 BGB<\/b><span style=\"font-weight: 400;\">.<\/span><\/p>\n<p>&nbsp;<\/p>\n<p><b>9.PREISE UND ZAHLUNGSBEDINGUNGEN<\/b><\/p>\n<p><span style=\"font-weight: 400;\">Alle Servicepreise werden in Euro (EUR) angezeigt und enthalten die geltende Mehrwertsteuer, sofern nicht anders angegeben.<\/span><\/p>\n<p><span style=\"font-weight: 400;\">Zahlungen werden per Kreditkarte, elektronischer \u00dcberweisung oder anderen zugelassenen Methoden akzeptiert, wie auf der Website angegeben.<\/span><\/p>\n<p><span style=\"font-weight: 400;\">Alle Fragen zum Zahlungsverkehr sind an <\/span><strong><a class=\"primary-color\" href=\"mailto:info@bremerhavencruiseport.com\">info@bremerhavencruiseport.com<\/a><\/strong><span style=\"font-weight: 400;\"> zu richten.<\/span><\/p>\n<p><span style=\"font-weight: 400;\">In \u00dcbereinstimmung mit der deutschen Preisangabeverordnung (PAngV) werden alle Preisangaben vor Abschluss einer Transaktion transparent dargestellt, einschlie\u00dflich der anfallenden Geb\u00fchren und Steuern.<\/span><\/p>\n<p>&nbsp;<\/p>\n<p><b>10.ANWENDBARES RECHT UND GERICHTSSTAND<\/b><\/p>\n<p><span style=\"font-weight: 400;\">Diese Bedingungen unterliegen den Gesetzen der <\/span><b>Bundesrepublik Deutschland<\/b><span style=\"font-weight: 400;\">. Alle Streitigkeiten, die sich aus oder im Zusammenhang mit diesen Bedingungen ergeben, unterliegen der <\/span><b>ausschlie\u00dflichen Zust\u00e4ndigkeit der zust\u00e4ndigen Gerichte in Bremerhaven, Deutschland<\/b><span style=\"font-weight: 400;\">, gem\u00e4\u00df <\/span><b>\u00a7 13, \u00a7 14 BGB<\/b><span style=\"font-weight: 400;\"> und der <\/span><b>Br\u00fcssel-I-Verordnung (EU Nr. 1215\/2012)<\/b><span style=\"font-weight: 400;\">.<\/span><\/p>\n<p>&nbsp;<\/p>\n<p><b>11.KONTAKT<\/b><\/p>\n<p><span style=\"font-weight: 400;\">Bei Fragen oder Anliegen wenden Sie sich bitte an uns:<\/span><\/p>\n<p><b>E-Mail<\/b><span style=\"font-weight: 400;\">:<strong> <a class=\"primary-color\" href=\"mailto:info@bremerhavencruiseport.com\">info@bremerhavencruiseport.com<\/a><\/strong><\/span><\/p>\n<p><b>Adresse<\/b><span style=\"font-weight: 400;\">: Bremerhaven Cruise Port, Gesch\u00e4ftsanschrift: Veritaskai 8, 21079 Hamburg, Deutschland<\/span><\/p>\n<p>&nbsp;<\/p>\n\t\t\t<\/div>\r\n\t\t<\/div>\r\n\t<\/div>\r\n<\/section>","protected":false},"excerpt":{"rendered":"","protected":false},"author":1,"featured_media":0,"parent":0,"menu_order":69,"comment_status":"closed","ping_status":"closed","template":"","meta":{"_acf_changed":false,"footnotes":""},"class_list":["post-6009","page","type-page","status-publish","hentry"],"acf":[],"_links":{"self":[{"href":"https:\/\/bremerhavencruiseport.com\/de\/wp-json\/wp\/v2\/pages\/6009","targetHints":{"allow":["GET"]}}],"collection":[{"href":"https:\/\/bremerhavencruiseport.com\/de\/wp-json\/wp\/v2\/pages"}],"about":[{"href":"https:\/\/bremerhavencruiseport.com\/de\/wp-json\/wp\/v2\/types\/page"}],"author":[{"embeddable":true,"href":"https:\/\/bremerhavencruiseport.com\/de\/wp-json\/wp\/v2\/users\/1"}],"replies":[{"embeddable":true,"href":"https:\/\/bremerhavencruiseport.com\/de\/wp-json\/wp\/v2\/comments?post=6009"}],"version-history":[{"count":10,"href":"https:\/\/bremerhavencruiseport.com\/de\/wp-json\/wp\/v2\/pages\/6009\/revisions"}],"predecessor-version":[{"id":6785,"href":"https:\/\/bremerhavencruiseport.com\/de\/wp-json\/wp\/v2\/pages\/6009\/revisions\/6785"}],"wp:attachment":[{"href":"https:\/\/bremerhavencruiseport.com\/de\/wp-json\/wp\/v2\/media?parent=6009"}],"curies":[{"name":"wp","href":"https:\/\/api.w.org\/{rel}","templated":true}]}}