{"id":5988,"date":"2024-02-12T08:51:57","date_gmt":"2024-02-12T08:51:57","guid":{"rendered":"https:\/\/bremerhaven.globalcruiseports.com\/legal-information\/"},"modified":"2025-09-23T13:45:08","modified_gmt":"2025-09-23T13:45:08","slug":"rechtliche-hinweise","status":"publish","type":"page","link":"https:\/\/bremerhavencruiseport.com\/de\/rechtliche-hinweise\/","title":{"rendered":"Rechtliche Hinweise"},"content":{"rendered":"\r\n<section class=\"section page page-policy footer-space-mr \">\r\n\t<div class=\"container\">\r\n\t    <div class=\"row flex align-i-end\">\r\n        <div class=\"cl-5 page-header\">\r\n            <h5>RECHTLICHE HINWEISE<\/h5>\r\n            <h1>\r\n                Rechtliche<br \/>\r\n                <span class=\"primary-color\">Hinweise<\/span>\r\n            <\/h1>\r\n        <\/div>\r\n        <div class=\"cl-7 page-description\">\r\n            Global Ports Holding Limited, Bremerhaven Cruise Port, im Folgenden als &#8222;VERANTWORTLICHER&#8220; bezeichnet, stellt dieses Dokument den Nutzern seiner Website in \u00dcbereinstimmung mit den Verpflichtungen gem\u00e4\u00df dem deutschen Telemediengesetz (TMG) und der EU-Richtlinie \u00fcber den elektronischen Gesch\u00e4ftsverkehr (2000\/31\/EG) zur Verf\u00fcgung, die die Nutzung dieser Website regeln.        <\/div>\r\n    <\/div>\r\n\t\t<div class=\"row flex page-sub-menu\">\r\n\t\t\t<div class=\"cl-12\">\r\n\t\t\t\t<ul class=\"flex align-i-center justify-c-center\">\r\n\t\t\t\t\t<li id=\"menu-item-177\" class=\"menu-item menu-item-type-post_type menu-item-object-page menu-item-177\"><a rel=\"privacy-policy\" href=\"https:\/\/bremerhavencruiseport.com\/privacy-notice\/\">Datenschutzhinweis<\/a><\/li>\n<li id=\"menu-item-180\" class=\"menu-item menu-item-type-post_type menu-item-object-page menu-item-180\"><a href=\"https:\/\/bremerhavencruiseport.com\/cookies\/\">Cookie-Richtlinie<\/a><\/li>\n<li id=\"menu-item-6319\" class=\"menu-item menu-item-type-post_type menu-item-object-page menu-item-6319\"><a href=\"https:\/\/bremerhavencruiseport.com\/legal-information\/\">Rechtliche Hinweise<\/a><\/li>\n<li id=\"menu-item-6328\" class=\"menu-item menu-item-type-post_type menu-item-object-page menu-item-6328\"><a href=\"https:\/\/bremerhavencruiseport.com\/term-of-use\/\">Nutzungsbedingungen<\/a><\/li>\n\t\t\t\t<\/ul>\r\n\t\t\t<\/div>\r\n\t\t<\/div>\r\n\t\t<div class=\"row flex page-content justify-c-center\">\r\n\t\t\t<div class=\"cl-10 text-justify\">\r\n\t\t\t\t<p><b>RECHTLICHE HINWEISE<\/b><\/p>\n<p><b>DEUTSCHES TELEMEDIENGESETZ (TMG) UND EU-E-COMMERCE-RICHTLINIE (2000\/31\/EG)<\/b><\/p>\n<p><span style=\"font-weight: 400;\">Global Ports Holding Limited, <\/span><b>Bremerhaven Cruise Port<\/b><span style=\"font-weight: 400;\">, im Folgenden als &#8222;VERANTWORTLICHER&#8220; bezeichnet, stellt dieses Dokument den Nutzern seiner Website in \u00dcbereinstimmung mit den Verpflichtungen gem\u00e4\u00df dem <\/span><b>deutschen Telemediengesetz (TMG) <\/b><span style=\"font-weight: 400;\">und der <\/span><b>EU-Richtlinie \u00fcber den elektronischen Gesch\u00e4ftsverkehr (2000\/31\/EG) <\/b><span style=\"font-weight: 400;\">zur Verf\u00fcgung, die die Nutzung dieser Website regeln.<\/span><\/p>\n<p><span style=\"font-weight: 400;\">Mit dem Zugriff auf diese Website erwerben die Nutzer den Status eines &#8222;NUTZERS&#8220; und erkl\u00e4ren sich mit den in diesem Dokument enthaltenen Bestimmungen sowie allen anderen geltenden rechtlichen Bestimmungen einverstanden.<\/span><\/p>\n<p><span style=\"font-weight: 400;\">Der VERANTWORTLICHE beh\u00e4lt sich das Recht vor, Inhalte, Bedingungen oder Richtlinien dieser Website ohne vorherige Ank\u00fcndigung zu \u00e4ndern. Solche \u00c4nderungen gelten mit ihrer Ver\u00f6ffentlichung auf der Website als wirksam.<\/span><\/p>\n<p>&nbsp;<\/p>\n<p><b>1.IDENTIFIZIERUNGSDATEN (IMPRESSUM)<\/b><\/p>\n<p><span style=\"font-weight: 400;\">Gem\u00e4\u00df <\/span><b>\u00a7 5 des deutschen Telemediengesetzes (TMG) <\/b><span style=\"font-weight: 400;\">werden folgende Informationen bereitgestellt:<\/span><\/p>\n<ul>\n<li style=\"font-weight: 400;\" aria-level=\"1\"><b>Domainname<\/b><span style=\"font-weight: 400;\">: <strong><a class=\"primary-color\" href=\"https:\/\/bremerhavencruiseport.com\">https:\/\/bremerhavencruiseport.com<\/a><\/strong><\/span><\/li>\n<li style=\"font-weight: 400;\" aria-level=\"1\"><b>Handelsname<\/b><span style=\"font-weight: 400;\">: Bremerhaven Cruise Port<\/span><\/li>\n<li style=\"font-weight: 400;\" aria-level=\"1\"><b>Rechtstr\u00e4ger<\/b><span style=\"font-weight: 400;\">: GPH Cruise Ports Bremerhaven GmbH<\/span><\/li>\n<li style=\"font-weight: 400;\" aria-level=\"1\"><b>Umsatzsteuer-Identifikationsnummer\/Registernummer<\/b><span style=\"font-weight: 400;\">: HRB 182420<\/span><\/li>\n<li style=\"font-weight: 400;\" aria-level=\"1\"><span style=\"font-weight: 400;\">Gesch\u00e4ftssitz: Veritaskai 8, 21079 Hamburg<\/span><\/li>\n<li style=\"font-weight: 400;\" aria-level=\"1\"><b>Kontaktnummer<\/b><span style=\"font-weight: 400;\">: 0471 902625-0<\/span><\/li>\n<li style=\"font-weight: 400;\" aria-level=\"1\"><b>E-Mail-Adresse<\/b><span style=\"font-weight: 400;\">: <strong><a class=\"primary-color\" href=\"mailto:info@bremerhavencruiseport.com\">info@bremerhavencruiseport.com<\/a><\/strong><\/span><\/li>\n<li style=\"font-weight: 400;\" aria-level=\"1\"><b>Gesch\u00e4ftsf\u00fchrer<\/b><span style=\"font-weight: 400;\">: Jan Karl-Heinz Fomferra, Mehmet Ali Deniz, Ugur Kerem Seckin<\/span><\/li>\n<li style=\"font-weight: 400;\" aria-level=\"1\"><b>Handelsregisterauszug<\/b><span style=\"font-weight: 400;\">: Amtsgericht Hamburg Register HRB 182420<\/span><\/li>\n<li style=\"font-weight: 400;\" aria-level=\"1\"><b>Aufsichtsbeh\u00f6rde<\/b><span style=\"font-weight: 400;\">: bremenports GmbH &amp;amp; Co. KG<\/span><\/li>\n<\/ul>\n<p>&nbsp;<\/p>\n<p><b>2.GEISTIGE UND GEWERBLICHE EIGENTUMSRECHTE<\/b><\/p>\n<p><span style=\"font-weight: 400;\">Der Inhalt dieser Website, einschlie\u00dflich, aber nicht beschr\u00e4nkt auf Design, Programmierung, Text, Grafiken, Logos und Multimedia-Elemente, ist Eigentum des VERANTWORTLICHEN oder wird mit entsprechenden Lizenzen oder Genehmigungen verwendet. Alle diese Inhalte sind durch <\/span><b>deutsche und EU-Rechte des geistigen Eigentums <\/b><span style=\"font-weight: 400;\">gesch\u00fctzt und d\u00fcrfen ohne vorherige schriftliche Zustimmung des VERANTWORTLICHEN nicht reproduziert, ver\u00e4ndert, verbreitet oder f\u00fcr kommerzielle Zwecke genutzt werden.<\/span><\/p>\n<p><span style=\"font-weight: 400;\">Das geistige Eigentum Dritter, einschlie\u00dflich, aber nicht beschr\u00e4nkt auf Marken, Logos und Inhalte, bleibt Eigentum der jeweiligen Eigent\u00fcmer. Die Aufnahme solcher Elemente Dritter auf dieser Website bedeutet keine Billigung oder Verantwortung seitens des VERANTWORTLICHEN.<\/span><\/p>\n<p><span style=\"font-weight: 400;\">Die unbefugte Nutzung von Inhalten dieser Website wird als schwerwiegende Verletzung von geistigen oder gewerblichen Eigentumsrechten behandelt und kann rechtliche Konsequenzen nach sich ziehen. Bitte melden Sie mutma\u00dfliche Verst\u00f6\u00dfe an:<\/span><b> <a href=\"mailto:dpo@globalportsholding.com\">dpo@globalportsholding.com<\/a>.<\/b><\/p>\n<p>&nbsp;<\/p>\n<p><b>3.HAFTUNGSAUSSCHLUSS<\/b><\/p>\n<p><b>Verwendung von Cookies<\/b><\/p>\n<p><span style=\"font-weight: 400;\">Diese Website verwendet Cookies, um die Benutzerfreundlichkeit zu verbessern und eine optimale Funktionalit\u00e4t zu gew\u00e4hrleisten. Die verwendeten Cookies sind in erster Linie <\/span><b>technischer Natur und <\/b><span style=\"font-weight: 400;\">f\u00fcr eine sichere und effiziente Navigation unerl\u00e4sslich. Die Nutzer werden informiert, wenn Cookies eingesetzt werden, die einer vorherigen Zustimmung bed\u00fcrfen, und es wird eine ausdr\u00fcckliche Zustimmung gem\u00e4\u00df <\/span><b>der Datenschutz-Grundverordnung (DSGVO) und dem Telemediengesetz (TMG) <\/b><span style=\"font-weight: 400;\">eingeholt.<\/span><\/p>\n<p><span style=\"font-weight: 400;\">Benutzer k\u00f6nnen ihren Browser so konfigurieren, dass sie ihre Cookie-Einstellungen verwalten oder deren Installation verhindern k\u00f6nnen. Weitere Informationen finden Sie im Abschnitt <\/span><b>&#8222;Cookie-Richtlinie&#8220; <\/b><span style=\"font-weight: 400;\">auf unserer Website.<\/span><\/p>\n<p>&nbsp;<\/p>\n<p><b>Links zu Inhalten Dritter<\/b><\/p>\n<p><span style=\"font-weight: 400;\">Diese Website kann zu Informationszwecken Links zu Websites Dritter enthalten. Der VERANTWORTLICHE \u00fcbernimmt keine Haftung f\u00fcr die Richtigkeit, Rechtm\u00e4\u00dfigkeit oder Angemessenheit der Inhalte externer Websites. Sollte festgestellt werden, dass verlinkte Inhalte gegen geltendes <\/span><b>deutsches, EU- oder internationales Recht <\/b><span style=\"font-weight: 400;\">versto\u00dfen, wird der VERANTWORTLICHE unverz\u00fcglich Ma\u00dfnahmen zur Entfernung dieser Links ergreifen und gegebenenfalls die zust\u00e4ndigen Beh\u00f6rden benachrichtigen.<\/span><\/p>\n<p>&nbsp;<\/p>\n<p><b>Benutzergenerierte Inhalte<\/b><\/p>\n<p><span style=\"font-weight: 400;\">Der VERANTWORTLICHE \u00fcbernimmt keine Verantwortung f\u00fcr benutzergenerierte Inhalte, einschlie\u00dflich, aber nicht beschr\u00e4nkt auf Kommentare, Foren oder Social-Media-Beitr\u00e4ge, die auf dieser Website gehostet oder mit ihr verlinkt sind. Unangemessene Inhalte, die gegen <\/span><b>nationales oder internationales Recht, Rechte Dritter oder die \u00f6ffentliche Ordnung <\/b><span style=\"font-weight: 400;\">versto\u00dfen, werden jedoch nach Benachrichtigung umgehend entfernt. Benutzer werden gebeten, solche Inhalte per E-Mail an<\/span><b> <a href=\"mailto:dpo@globalportsholding.com\">dpo@globalportsholding.com<\/a><\/b><span style=\"font-weight: 400;\">\u00a0zu melden.<\/span><\/p>\n<p>&nbsp;<\/p>\n<p><b>Verf\u00fcgbarkeit der Website<\/b><\/p>\n<p><span style=\"font-weight: 400;\">Der VERANTWORTLICHE ist bestrebt, einen ununterbrochenen Zugang zur Website und ihren Diensten zu gew\u00e4hrleisten. Der Zugang kann jedoch gelegentlich aufgrund technischer Fehler, Wartungsarbeiten oder unvorhersehbarer Ereignisse wie <\/span><b>h\u00f6herer Gewalt, Naturkatastrophen oder Streiks <\/b><span style=\"font-weight: 400;\">unterbrochen werden. Der VERANTWORTLICHE kann zwar keine kontinuierliche Verf\u00fcgbarkeit der Website garantieren, es werden jedoch angemessene Ma\u00dfnahmen ergriffen, um St\u00f6rungen zu minimieren.<\/span><\/p>\n<p>&nbsp;<\/p>\n<p><b>IP-Adressen<\/b><\/p>\n<p><span style=\"font-weight: 400;\">Der Server der Website kann automatisch die IP-Adressen und Domainnamen der Nutzer protokollieren. Diese Informationen werden <\/span><b>ausschlie\u00dflich zu statistischen Zwecken <\/b><span style=\"font-weight: 400;\">erhoben, um die Nutzung der Website zu \u00fcberwachen und die Dienste zu verbessern. IP-Protokolle werden in \u00dcbereinstimmung mit <\/span><b>der DSGVO und dem Bundesdatenschutzgesetz (BDSG) <\/b><span style=\"font-weight: 400;\">verarbeitet und f\u00fcr den erforderlichen Zeitraum sicher aufbewahrt, bevor sie gel\u00f6scht oder anonymisiert werden.<\/span><\/p>\n<p>&nbsp;<\/p>\n<p><b>4.ANWENDBARES RECHT UND GERICHTSSTAND<\/b><\/p>\n<p><span style=\"font-weight: 400;\">Diese Website und ihre Nutzung unterliegen <\/span><b>den Gesetzen der Bundesrepublik Deutschland<\/b><span style=\"font-weight: 400;\">. Alle Streitigkeiten, die sich aus oder im Zusammenhang mit der Nutzung dieser Website ergeben, unterliegen der Zust\u00e4ndigkeit der <\/span><b>zust\u00e4ndigen Gerichte in Bremerhaven, Deutschland<\/b><span style=\"font-weight: 400;\">.<\/span><\/p>\n<p>&nbsp;<\/p>\n\t\t\t<\/div>\r\n\t\t<\/div>\r\n\t<\/div>\r\n<\/section>","protected":false},"excerpt":{"rendered":"","protected":false},"author":1,"featured_media":0,"parent":0,"menu_order":39,"comment_status":"closed","ping_status":"closed","template":"","meta":{"_acf_changed":false,"footnotes":""},"class_list":["post-5988","page","type-page","status-publish","hentry"],"acf":[],"_links":{"self":[{"href":"https:\/\/bremerhavencruiseport.com\/de\/wp-json\/wp\/v2\/pages\/5988","targetHints":{"allow":["GET"]}}],"collection":[{"href":"https:\/\/bremerhavencruiseport.com\/de\/wp-json\/wp\/v2\/pages"}],"about":[{"href":"https:\/\/bremerhavencruiseport.com\/de\/wp-json\/wp\/v2\/types\/page"}],"author":[{"embeddable":true,"href":"https:\/\/bremerhavencruiseport.com\/de\/wp-json\/wp\/v2\/users\/1"}],"replies":[{"embeddable":true,"href":"https:\/\/bremerhavencruiseport.com\/de\/wp-json\/wp\/v2\/comments?post=5988"}],"version-history":[{"count":8,"href":"https:\/\/bremerhavencruiseport.com\/de\/wp-json\/wp\/v2\/pages\/5988\/revisions"}],"predecessor-version":[{"id":6787,"href":"https:\/\/bremerhavencruiseport.com\/de\/wp-json\/wp\/v2\/pages\/5988\/revisions\/6787"}],"wp:attachment":[{"href":"https:\/\/bremerhavencruiseport.com\/de\/wp-json\/wp\/v2\/media?parent=5988"}],"curies":[{"name":"wp","href":"https:\/\/api.w.org\/{rel}","templated":true}]}}