{"id":5965,"date":"2024-02-12T08:52:13","date_gmt":"2024-02-12T08:52:13","guid":{"rendered":"https:\/\/bremerhaven.globalcruiseports.com\/cookies\/"},"modified":"2025-09-23T13:41:34","modified_gmt":"2025-09-23T13:41:34","slug":"cookie-richtlinie","status":"publish","type":"page","link":"https:\/\/bremerhavencruiseport.com\/de\/cookie-richtlinie\/","title":{"rendered":"Cookie-Richtlinie"},"content":{"rendered":"\r\n<section class=\"section page page-policy footer-space-mr \">\r\n\t<div class=\"container\">\r\n\t    <div class=\"row flex align-i-end\">\r\n        <div class=\"cl-5 page-header\">\r\n            <h5>COOKIE-RICHTLINIE<\/h5>\r\n            <h1>\r\n                Cookie<br \/>\r\n                <span class=\"primary-color\">Richtlinie<\/span>\r\n            <\/h1>\r\n        <\/div>\r\n        <div class=\"cl-7 page-description\">\r\n            Wir und unsere Partner platzieren Cookies, greifen auf nicht sensible Informationen von Ihrem Ger\u00e4t zu und verwenden diese, um unsere Dienste zu verbessern, die Benutzererfahrung zu optimieren und Inhalte und Werbung auf dieser Website zu personalisieren. Sie k\u00f6nnen diese Vorg\u00e4nge ganz oder teilweise akzeptieren. Ausf\u00fchrliche Informationen zu Cookies, unseren Partnern und der Verarbeitung Ihrer Daten finden Sie in unserer Datenschutzerkl\u00e4rung.        <\/div>\r\n    <\/div>\r\n\t\t<div class=\"row flex page-sub-menu\">\r\n\t\t\t<div class=\"cl-12\">\r\n\t\t\t\t<ul class=\"flex align-i-center justify-c-center\">\r\n\t\t\t\t\t<li id=\"menu-item-177\" class=\"menu-item menu-item-type-post_type menu-item-object-page menu-item-177\"><a rel=\"privacy-policy\" href=\"https:\/\/bremerhavencruiseport.com\/privacy-notice\/\">Datenschutzhinweis<\/a><\/li>\n<li id=\"menu-item-180\" class=\"menu-item menu-item-type-post_type menu-item-object-page menu-item-180\"><a href=\"https:\/\/bremerhavencruiseport.com\/cookies\/\">Cookie-Richtlinie<\/a><\/li>\n<li id=\"menu-item-6319\" class=\"menu-item menu-item-type-post_type menu-item-object-page menu-item-6319\"><a href=\"https:\/\/bremerhavencruiseport.com\/legal-information\/\">Rechtliche Hinweise<\/a><\/li>\n<li id=\"menu-item-6328\" class=\"menu-item menu-item-type-post_type menu-item-object-page menu-item-6328\"><a href=\"https:\/\/bremerhavencruiseport.com\/term-of-use\/\">Nutzungsbedingungen<\/a><\/li>\n\t\t\t\t<\/ul>\r\n\t\t\t<\/div>\r\n\t\t<\/div>\r\n\t\t<div class=\"row flex page-content justify-c-center\">\r\n\t\t\t<div class=\"cl-10 text-justify\">\r\n\t\t\t\t<p><b>Willkommen bei der Cookie-Richtlinie von GPH<\/b><\/p>\n<p><span style=\"font-weight: 400;\">Wir und unsere Partner platzieren Cookies, greifen auf nicht sensible Informationen von Ihrem Ger\u00e4t zu und verwenden diese, um unsere Dienste zu verbessern, die Benutzererfahrung zu optimieren und Inhalte und Werbung auf dieser Website zu personalisieren. Sie k\u00f6nnen diese Vorg\u00e4nge ganz oder teilweise akzeptieren. Ausf\u00fchrliche Informationen zu Cookies, unseren Partnern und der Verarbeitung Ihrer Daten finden Sie in unserer Datenschutzerkl\u00e4rung.<\/span><\/p>\n<p><span style=\"font-weight: 400;\">Cookies sind kleine Textdateien, die Websites an Ihren Computer oder Ihr Mobilger\u00e4t senden und die dann gespeichert und bei sp\u00e4teren Besuchen verwendet werden. Diese Cookies erm\u00f6glichen es der Website, sich Ihre Pr\u00e4ferenzen und Aktionen (wie Anmeldedaten, Spracheinstellungen, Schriftgr\u00f6\u00dfen und andere Anzeigeeinstellungen) zu merken, sodass Sie diese nicht bei jedem Besuch der Website erneut eingeben m\u00fcssen.<\/span><\/p>\n<p>&nbsp;<\/p>\n<p><span style=\"font-weight: 400;\">Cookies dienen verschiedenen Zwecken, darunter der elektronischen Authentifizierung, der Sitzungsverwaltung und der Speicherung von Informationen \u00fcber Ihre Aktivit\u00e4ten auf der Website. Sie k\u00f6nnen auch eine eindeutige Kennung enthalten, mit der Ihr Surfverhalten f\u00fcr statistische Analysen oder Werbezwecke verfolgt wird. Dar\u00fcber hinaus k\u00f6nnen Sie beim Surfen Cookies von Websites oder Servern Dritter erhalten, die nicht direkt mit der von Ihnen besuchten Website in Verbindung stehen.<\/span><\/p>\n<p>&nbsp;<\/p>\n<p><span style=\"font-weight: 400;\">Cookies gibt es in verschiedenen Arten, je nach ihren Eigenschaften und Funktionen, und sie k\u00f6nnen f\u00fcr unterschiedliche Zeitr\u00e4ume auf Ihrem Ger\u00e4t verbleiben. &#8222;Sitzungscookies&#8220; sind tempor\u00e4r und werden gel\u00f6scht, wenn Sie Ihren Browser schlie\u00dfen, w\u00e4hrend &#8222;dauerhafte Cookies&#8220; auf Ihrem Ger\u00e4t verbleiben, bis sie ablaufen oder manuell gel\u00f6scht werden.<\/span><\/p>\n<p>&nbsp;<\/p>\n<p><span style=\"font-weight: 400;\">Je nach geltendem Recht ist Ihre Zustimmung nicht immer erforderlich, damit Cookies auf einer Website verwendet werden d\u00fcrfen. Beispielsweise erfordern &#8222;technische Cookies&#8220;, die f\u00fcr die elektronische Kommunikation oder die Bereitstellung eines von Ihnen angeforderten Dienstes erforderlich sind, in der Regel keine Zustimmung. Dazu geh\u00f6ren Browsing- oder Sitzungscookies, die es Benutzern erm\u00f6glichen, sich anzumelden, sowie Funktionscookies, die sich die Auswahl des Benutzers merken, wie z. B. Spracheinstellungen oder ausgew\u00e4hlte Artikel f\u00fcr den Kauf.<\/span><\/p>\n<p>&nbsp;<\/p>\n<p><span style=\"font-weight: 400;\">Umgekehrt erfordern &#8222;Profiling-Cookies&#8220;, die zur Erstellung von Benutzerprofilen und zum Versand gezielter Werbung auf der Grundlage des Browsing-Verhaltens verwendet werden, in der Regel die ausdr\u00fcckliche Zustimmung des Benutzers, wobei dies je nach Rechtsordnung variieren kann.<\/span><\/p>\n<p>&nbsp;<\/p>\n<p><span style=\"font-weight: 400;\">Unsere Website verwendet die folgenden Arten von Cookies:<\/span><\/p>\n<ul>\n<li><span style=\"font-weight: 400;\">Technische Cookies: Diese sind f\u00fcr die Funktionalit\u00e4t der Website unerl\u00e4sslich und erm\u00f6glichen Ihnen den Zugriff auf deren Inhalte und Dienste.<\/span><\/li>\n<li><span style=\"font-weight: 400;\"> Analytische Cookies: Diese helfen uns zu verstehen, wie Benutzer mit der Website interagieren, und den Datenverkehr zu und von der Website zu \u00fcberwachen.<\/span><\/li>\n<li><span style=\"font-weight: 400;\">Marketing-\/Profiling-Cookies: Werden verwendet, um gezielte Werbung zu versenden und Nutzerprofile auf der Grundlage von Browsing-Pr\u00e4ferenzen zu erstellen.<\/span><\/li>\n<\/ul>\n<p>&nbsp;<\/p>\n<p><span style=\"font-weight: 400;\">Zus\u00e4tzlich zu Cookies verwenden wir auch &#8222;Pixel&#8220; \u2013 kleine Code-Schnipsel, die in die Website eingebettet sind. Pixel erm\u00f6glichen es uns und Dritten, das Nutzerverhalten zu verfolgen und Informationen dar\u00fcber zu sammeln, wie Nutzer mit unserer Website interagieren. Sie k\u00f6nnen Aktionen wie Seitenaufrufe und Klicks \u00fcberwachen, h\u00e4ufig f\u00fcr personalisierte Werbung und Website-Analysen.<\/span><\/p>\n\t\t\t<\/div>\r\n\t\t<\/div>\r\n\t<\/div>\r\n<\/section>","protected":false},"excerpt":{"rendered":"","protected":false},"author":1,"featured_media":0,"parent":0,"menu_order":12,"comment_status":"closed","ping_status":"closed","template":"","meta":{"_acf_changed":false,"footnotes":""},"class_list":["post-5965","page","type-page","status-publish","hentry"],"acf":[],"_links":{"self":[{"href":"https:\/\/bremerhavencruiseport.com\/de\/wp-json\/wp\/v2\/pages\/5965","targetHints":{"allow":["GET"]}}],"collection":[{"href":"https:\/\/bremerhavencruiseport.com\/de\/wp-json\/wp\/v2\/pages"}],"about":[{"href":"https:\/\/bremerhavencruiseport.com\/de\/wp-json\/wp\/v2\/types\/page"}],"author":[{"embeddable":true,"href":"https:\/\/bremerhavencruiseport.com\/de\/wp-json\/wp\/v2\/users\/1"}],"replies":[{"embeddable":true,"href":"https:\/\/bremerhavencruiseport.com\/de\/wp-json\/wp\/v2\/comments?post=5965"}],"version-history":[{"count":5,"href":"https:\/\/bremerhavencruiseport.com\/de\/wp-json\/wp\/v2\/pages\/5965\/revisions"}],"predecessor-version":[{"id":6783,"href":"https:\/\/bremerhavencruiseport.com\/de\/wp-json\/wp\/v2\/pages\/5965\/revisions\/6783"}],"wp:attachment":[{"href":"https:\/\/bremerhavencruiseport.com\/de\/wp-json\/wp\/v2\/media?parent=5965"}],"curies":[{"name":"wp","href":"https:\/\/api.w.org\/{rel}","templated":true}]}}