{"id":5962,"date":"2024-03-08T00:13:30","date_gmt":"2024-03-08T00:13:30","guid":{"rendered":"https:\/\/bremerhaven.globalcruiseports.com\/contact\/"},"modified":"2025-10-03T11:06:16","modified_gmt":"2025-10-03T11:06:16","slug":"kontakt","status":"publish","type":"page","link":"https:\/\/bremerhavencruiseport.com\/de\/kontakt\/","title":{"rendered":"Kontakt"},"content":{"rendered":"\r\n\r\n<section class=\"section page page-bg-light \">\r\n\t<style>\r\n                .page-header-bg {\r\n                    background-image: url(https:\/\/bremerhavencruiseport.com\/wp-content\/uploads\/sites\/41\/2025\/04\/shutterstock_2547484447-scaled.jpg);\r\n                    background-size: cover;\r\n                    background-position: center;\r\n                }\r\n\t\t\t\t.hero-content{\r\n\t\t\t\t    top: 50%;\r\n    \t\t\t\tposition: absolute;\r\n    \t\t\t\ttransform: translateY(-50%);\r\n\t\t\t\t}\r\n              <\/style><div class=\"page-header-bg pr\">\t<div class=\"container w100\">\r\n\t\t<div class=\"row flex hero-content\">\r\n\t\t\t<div class=\"cl-12 page-header\">\r\n\t\t\t\t<h5>\r\n\t\t\t\tKontakt\t\t\t\t<\/h5>\r\n\t\t\t\t<h1>Kontaktieren Sie uns<\/h1>\r\n\t\t\t<\/div>\r\n\t\t<\/div>\r\n\t<\/div>\r\n\t<\/div>\r\n<\/section>\n\n<section class=\"section section-content-title page-bg-light\" id=\"page-bg-light\">\r\n\t<div class=\"container\">\r\n\t\t<div class=\"row flex align-i-center\">\r\n\t\t\t<div class=\"cl-5\">\r\n\t\t\t\t\t\t\t\t<h2>\r\n\t\t\t\t\tKontaktieren Sie uns \t\t\t\t\t<br>\r\n\t\t\t\t\t<span class=\"primary-color\">f\u00fcr Reklamationen, Anregungen und mehr<\/span>\r\n\t\t\t\t<\/h2>\r\n\t\t\t<\/div>\r\n\t\t\t<div class=\"cl-7\">\r\n\t\t\t\t<p class=\"grey-color\"><p class=\"p1\">Wir sch\u00e4tzen Ihr Feedback und stehen Ihnen bei Beschwerden, Anregungen oder Fragen gerne zur Verf\u00fcgung. Wenden Sie sich an unser Team, und wir werden uns umgehend um Ihr Anliegen k\u00fcmmern. Ihr Feedback hilft uns, uns zu verbessern und Ihnen das bestm\u00f6gliche Erlebnis zu bieten.<\/p>\n<\/p>\r\n\t\t\t<\/div>\r\n\t\t<\/div>\r\n\t<\/div>\r\n<\/section>\r\n\n\n\r\n<section class=\"section section-contact-content page-bg-light\" id=\"contact-page-form\">\r\n\t<div class=\"container\">\r\n\t\t<div class=\"row flex align-i-start justify-c-center\">\r\n\t\t\t<div class=\"cl-5\">\r\n\t\t\t\t<div class=\"contact-content\">\r\n\t\t\t\t\t<h3>Kontakt<\/h3>\r\n\t\t\t\t\t<p><strong>Addreese: <\/strong><br \/>\nColumbuskaje 1, 27568 Bremerhaven<\/p>\n<p><strong>E-mail:\u00a0 \u00a0 <\/strong><br \/>\n<strong><a class=\"primary-color\" href=\"mailto: info@bremerhavencruiseport.com\" target=\"_blank\" rel=\"noopener\">info@bremerhavencruiseport.com<\/a><\/strong><\/p>\n<p><strong>Telefon: \u00a0\u00a0 \u00a0<\/strong><br \/>\n<strong><a class=\"primary-color\" href=\"tel: 49 471 902625 0\">+49 471 902625 0<\/a><\/strong><\/p>\n\t\t\t\t<\/div>\r\n\t\t\t\t<div class=\"contact-content\">\r\n\t\t\t\t\t<h3>Notfallkontakt<\/h3>\r\n\t\t\t\t\t<p><strong>Sicherheitsbeauftragter f\u00fcr Hafenanlagen<\/strong><br \/>\n<strong><a class=\"primary-color\" href=\"tel: +49 471 90 26 25 -20\">+49 471 90 26 25 -20<\/a><\/strong><\/p>\n<p><strong>Polizei:\u00a0 \u00a0<\/strong><br \/>\n<strong><a class=\"primary-color\" href=\"tel: 110\">110<\/a>\u00a0 \u00a0<\/strong><\/p>\n<p><strong>Krankenwagen:\u00a0<\/strong><br \/>\n<strong><a class=\"primary-color\" href=\"tel: 112\">112<\/a>\u00a0 \u00a0 \u00a0 \u00a0 \u00a0<\/strong><\/p>\n<p><strong>Telefon:<\/strong><br \/>\n<strong><a class=\"primary-color\" href=\"tel: 112\">112<\/a><\/strong><\/p>\n\t\t\t\t<\/div>\r\n\t\t\t<\/div>\r\n\t\t\t<div class=\"cl-7\">\r\n\t\t\t\t<div class=\"contact-form\">\r\n\t\t\t\t\t<div class=\"contact-form-header\">\r\n\t\t\t\t\t\t<h3>Nehmen Sie Kontakt auf<\/h3>\r\n\t\t\t\t\t\t<p>Bei Fragen zum Hafen, unseren Dienstleistungen, Partnerschaften oder anderen Anliegen kontaktieren Sie uns telefonisch oder per E-Mail. Wir helfen Ihnen gerne weiter.<\/p>\r\n\t\t\t\t\t<\/div>\r\n\t\t\t\t\t\n<div class=\"wpcf7 no-js\" id=\"wpcf7-f6900-o1\" lang=\"de-DE\" dir=\"ltr\" data-wpcf7-id=\"6900\">\n<div class=\"screen-reader-response\"><p role=\"status\" aria-live=\"polite\" aria-atomic=\"true\"><\/p> <ul><\/ul><\/div>\n<form action=\"\/de\/wp-json\/wp\/v2\/pages\/5962#wpcf7-f6900-o1\" method=\"post\" class=\"wpcf7-form init\" aria-label=\"Kontaktformular\" novalidate=\"novalidate\" data-status=\"init\">\n<fieldset class=\"hidden-fields-container\"><input type=\"hidden\" name=\"_wpcf7\" value=\"6900\" \/><input type=\"hidden\" name=\"_wpcf7_version\" value=\"6.1.5\" \/><input type=\"hidden\" name=\"_wpcf7_locale\" value=\"de_DE\" \/><input type=\"hidden\" name=\"_wpcf7_unit_tag\" value=\"wpcf7-f6900-o1\" \/><input type=\"hidden\" name=\"_wpcf7_container_post\" value=\"0\" \/><input type=\"hidden\" name=\"_wpcf7_posted_data_hash\" value=\"\" \/><input type=\"hidden\" name=\"_wpcf7_recaptcha_response\" value=\"\" \/>\n<\/fieldset>\n<div class=\"row flex form-group\">\n\t<div class=\"cl-6\">\n\t\t<p><span class=\"wpcf7-form-control-wrap\" data-name=\"form-name\"><input size=\"40\" maxlength=\"400\" class=\"wpcf7-form-control wpcf7-text wpcf7-validates-as-required\" aria-required=\"true\" aria-invalid=\"false\" placeholder=\"Vorname\" value=\"\" type=\"text\" name=\"form-name\" \/><\/span>\n\t\t<\/p>\n\t<\/div>\n\t<div class=\"cl-6\">\n\t\t<p><span class=\"wpcf7-form-control-wrap\" data-name=\"form-surname\"><input size=\"40\" maxlength=\"400\" class=\"wpcf7-form-control wpcf7-text wpcf7-validates-as-required\" aria-required=\"true\" aria-invalid=\"false\" placeholder=\"Nachname\" value=\"\" type=\"text\" name=\"form-surname\" \/><\/span>\n\t\t<\/p>\n\t<\/div>\n<\/div>\n<div class=\"row flex form-group\">\n\t<div class=\"cl-6\">\n\t\t<p><span class=\"wpcf7-form-control-wrap\" data-name=\"form-email\"><input size=\"40\" maxlength=\"400\" class=\"wpcf7-form-control wpcf7-email wpcf7-validates-as-required wpcf7-text wpcf7-validates-as-email\" aria-required=\"true\" aria-invalid=\"false\" placeholder=\"E-Mail-Adresse\" value=\"\" type=\"email\" name=\"form-email\" \/><\/span>\n\t\t<\/p>\n\t<\/div>\n\t<div class=\"cl-6\">\n\t\t<p><span class=\"wpcf7-form-control-wrap\" data-name=\"form-phone\"><input size=\"40\" maxlength=\"400\" class=\"wpcf7-form-control wpcf7-tel wpcf7-validates-as-required wpcf7-text wpcf7-validates-as-tel\" aria-required=\"true\" aria-invalid=\"false\" placeholder=\"Telefonnummer\" value=\"\" type=\"tel\" name=\"form-phone\" \/><\/span>\n\t\t<\/p>\n\t<\/div>\n<\/div>\n<div class=\"row flex form-group\">\n\t<div class=\"cl-12\">\n\t\t<p><span class=\"wpcf7-form-control-wrap\" data-name=\"form-subject\"><select class=\"wpcf7-form-control wpcf7-select wpcf7-validates-as-required\" aria-required=\"true\" aria-invalid=\"false\" name=\"form-subject\"><option value=\"Betreff\">Betreff<\/option><option value=\"Kreuzfahrtdienstleistungen\">Kreuzfahrtdienstleistungen<\/option><option value=\"Hafendienstleistungen\">Hafendienstleistungen<\/option><option value=\"Crew-Dienstleistungen\">Crew-Dienstleistungen<\/option><\/select><\/span>\n\t\t<\/p>\n\t<\/div>\n<\/div>\n<div class=\"row flex form-group\">\n\t<div class=\"cl-12\">\n\t\t<p><span class=\"wpcf7-form-control-wrap\" data-name=\"form-message\"><textarea cols=\"40\" rows=\"10\" maxlength=\"2000\" class=\"wpcf7-form-control wpcf7-textarea\" aria-invalid=\"false\" placeholder=\"Nachrichten\" name=\"form-message\"><\/textarea><\/span>\n\t\t<\/p>\n\t<\/div>\n<\/div>\n<div class=\"row flex form-group\">\n\t<div class=\"cl-7\">\n\t\t<p><span class=\"wpcf7-form-control-wrap\" data-name=\"form-acceptance\"><span class=\"wpcf7-form-control wpcf7-acceptance\"><span class=\"wpcf7-list-item\"><label><input type=\"checkbox\" name=\"form-acceptance\" value=\"1\" aria-invalid=\"false\" \/><span class=\"wpcf7-list-item-label\">Durch Klicken best\u00e4tigen Sie und erkl\u00e4ren sich damit einverstanden, dass Ihre personenbezogenen Daten sicher behandelt und ausschlie\u00dflich f\u00fcr die in der Datenschutzerkl\u00e4rung genannten Zwecke verwendet werden, einschlie\u00dflich des Erhalts von Marketing- und Werbemitteilungen. Sie haben das Recht, Ihre Einwilligung jederzeit zu widerrufen oder Ihre Pr\u00e4ferenzen zu aktualisieren.<\/span><\/label><\/span><\/span><\/span>\n\t\t<\/p>\n\t<\/div>\n\t<div class=\"cl-5\">\n\t\t<p><input class=\"wpcf7-form-control wpcf7-submit has-spinner primary-bg-color\" type=\"submit\" value=\"SENDEN\" \/>\n\t\t<\/p>\n\t<\/div>\n<\/div><div class=\"wpcf7-response-output\" aria-hidden=\"true\"><\/div>\n<\/form>\n<\/div>\n\t\t\t\t<\/div>\r\n\t\t\t<\/div>\r\n\t\t<\/div>\r\n\t<\/div>\r\n<\/section>\r\n\n\n\r\n<style>\r\n\t.section-contact .page-header-bg {\r\n\t\tbackground-image: url(https:\/\/bremerhavencruiseport.com\/wp-content\/uploads\/sites\/41\/2024\/03\/useful-communication.jpg);\r\n\t}\r\n<\/style>\r\n\r\n<section class=\"section section-contact page page-bg-light \">\r\n\t<div class=\"page-header-bg flex align-i-center justify-c-start\">\r\n\t\t<div class=\"container w100\">\r\n\t\t\t<div class=\"row flex\">\r\n\t\t\t\t<div class=\"cl-12 page-header\">\r\n\t\t\t\t\t<h1>Wichtige Kontaktnummern<\/h1>\r\n\t\t\t\t\t<p>Im Folgenden finden Sie wichtige Kontaktnummern.<\/p>\r\n\t\t\t\t<\/div>\r\n\t\t\t<\/div>\r\n\t\t<\/div>\r\n\t<\/div>\r\n\t<div class=\"page-content-wrapper\">\r\n\t\t<div class=\"container\">\r\n\t\t\t<div class=\"row flex align-i-center justify-c-center\">\r\n\t\t\t\t<div class=\"cl-10\">\r\n\t\t\t\t\t<div class=\"page-bg-white\">\r\n\t\t\t\t\t\t<div class=\"section-contact-useful-communication accordion accordion-ii\">\r\n\t\t\t\t\t\t\t\t\t\t\t\t\t\t\t<div class=\"accordion-header accordion-header-sm black-arrow active first-item\">\r\n\t\t\t\t\t\t\t\t\t<div class=\"row flex\">\r\n\t\t\t\t\t\t\t\t\t\t<div class=\"cl-12\">\r\n\t\t\t\t\t\t\t\t\t\t\tNotfallkontakte\t\t\t\t\t\t\t\t\t\t<\/div>\r\n\t\t\t\t\t\t\t\t\t<\/div>\r\n\t\t\t\t\t\t\t\t<\/div>\r\n\t\t\t\t\t\t\t\t<div class=\"desktop-accordion-content accordion-content active\">\r\n\t\t\t\t\t\t\t\t\t<div class=\"row flex\">\r\n\t\t\t\t\t\t\t\t\t\t<div class=\"cl-12 accordion-content-light\">\r\n\t\t\t\t\t\t\t\t\t\t\t\t\t\t\t\t\t\t\t\t\t\t\t<div class=\"section-contact-useful-communication-tab-item\">\r\n\t\t\t\t\t\t\t\t\t\t\t\t\t<span class=\"title\">Polizei<\/span>\r\n\t\t\t\t\t\t\t\t\t\t\t\t\t<span class=\"content\"><p>110<\/p>\n<\/span>\r\n\t\t\t\t\t\t\t\t\t\t\t\t<\/div>\r\n\t\t\t\t\t\t\t\t\t\t\t\t\t\t\t\t\t\t\t\t\t\t\t<div class=\"section-contact-useful-communication-tab-item\">\r\n\t\t\t\t\t\t\t\t\t\t\t\t\t<span class=\"title\">Krankenwagen<\/span>\r\n\t\t\t\t\t\t\t\t\t\t\t\t\t<span class=\"content\"><p>112<\/p>\n<\/span>\r\n\t\t\t\t\t\t\t\t\t\t\t\t<\/div>\r\n\t\t\t\t\t\t\t\t\t\t\t\t\t\t\t\t\t\t\t\t\t\t\t<div class=\"section-contact-useful-communication-tab-item\">\r\n\t\t\t\t\t\t\t\t\t\t\t\t\t<span class=\"title\">Feuerwehr<\/span>\r\n\t\t\t\t\t\t\t\t\t\t\t\t\t<span class=\"content\"><p>112<\/p>\n<\/span>\r\n\t\t\t\t\t\t\t\t\t\t\t\t<\/div>\r\n\t\t\t\t\t\t\t\t\t\t\t\t\t\t\t\t\t\t\t\t\t<\/div>\r\n\t\t\t\t\t\t\t\t\t<\/div>\r\n\t\t\t\t\t\t\t\t<\/div>\r\n\t\t\t\t\t\t\t\t\t\t\t\t\t\t\t<div class=\"accordion-header accordion-header-sm black-arrow \">\r\n\t\t\t\t\t\t\t\t\t<div class=\"row flex\">\r\n\t\t\t\t\t\t\t\t\t\t<div class=\"cl-12\">\r\n\t\t\t\t\t\t\t\t\t\t\tWichtige Kontakte\t\t\t\t\t\t\t\t\t\t<\/div>\r\n\t\t\t\t\t\t\t\t\t<\/div>\r\n\t\t\t\t\t\t\t\t<\/div>\r\n\t\t\t\t\t\t\t\t<div class=\"desktop-accordion-content accordion-content \">\r\n\t\t\t\t\t\t\t\t\t<div class=\"row flex\">\r\n\t\t\t\t\t\t\t\t\t\t<div class=\"cl-12 accordion-content-light\">\r\n\t\t\t\t\t\t\t\t\t\t\t\t\t\t\t\t\t\t\t\t\t\t\t<div class=\"section-contact-useful-communication-tab-item\">\r\n\t\t\t\t\t\t\t\t\t\t\t\t\t<span class=\"title\">Tourist Information:<\/span>\r\n\t\t\t\t\t\t\t\t\t\t\t\t\t<span class=\"content\"><p>+49 471414141<\/p>\n<\/span>\r\n\t\t\t\t\t\t\t\t\t\t\t\t<\/div>\r\n\t\t\t\t\t\t\t\t\t\t\t\t\t\t\t\t\t\t\t\t\t\t\t<div class=\"section-contact-useful-communication-tab-item\">\r\n\t\t\t\t\t\t\t\t\t\t\t\t\t<span class=\"title\">B\u00fcrgerb\u00fcro Mitte (B\u00fcrger- und Ordnungsamt): <\/span>\r\n\t\t\t\t\t\t\t\t\t\t\t\t\t<span class=\"content\"><p>+49 471 5903470<\/p>\n<\/span>\r\n\t\t\t\t\t\t\t\t\t\t\t\t<\/div>\r\n\t\t\t\t\t\t\t\t\t\t\t\t\t\t\t\t\t\t\t\t\t\t\t<div class=\"section-contact-useful-communication-tab-item\">\r\n\t\t\t\t\t\t\t\t\t\t\t\t\t<span class=\"title\">Erlebnis Bremerhaven:<\/span>\r\n\t\t\t\t\t\t\t\t\t\t\t\t\t<span class=\"content\"><p>+49 471 80936100<\/p>\n<\/span>\r\n\t\t\t\t\t\t\t\t\t\t\t\t<\/div>\r\n\t\t\t\t\t\t\t\t\t\t\t\t\t\t\t\t\t\t\t\t\t\t\t<div class=\"section-contact-useful-communication-tab-item\">\r\n\t\t\t\t\t\t\t\t\t\t\t\t\t<span class=\"title\">Taxi Lloyd: <\/span>\r\n\t\t\t\t\t\t\t\t\t\t\t\t\t<span class=\"content\"><p>+49 471 40004<\/p>\n<\/span>\r\n\t\t\t\t\t\t\t\t\t\t\t\t<\/div>\r\n\t\t\t\t\t\t\t\t\t\t\t\t\t\t\t\t\t\t\t\t\t\t\t<div class=\"section-contact-useful-communication-tab-item\">\r\n\t\t\t\t\t\t\t\t\t\t\t\t\t<span class=\"title\">Deutsche Seemannsmission Bremerhaven<\/span>\r\n\t\t\t\t\t\t\t\t\t\t\t\t\t<span class=\"content\"><p>+49 471 43013<\/p>\n<\/span>\r\n\t\t\t\t\t\t\t\t\t\t\t\t<\/div>\r\n\t\t\t\t\t\t\t\t\t\t\t\t\t\t\t\t\t\t\t\t\t<\/div>\r\n\t\t\t\t\t\t\t\t\t<\/div>\r\n\t\t\t\t\t\t\t\t<\/div>\r\n\t\t\t\t\t\t\t\t\t\t\t\t\t\t\t<div class=\"accordion-header accordion-header-sm black-arrow \">\r\n\t\t\t\t\t\t\t\t\t<div class=\"row flex\">\r\n\t\t\t\t\t\t\t\t\t\t<div class=\"cl-12\">\r\n\t\t\t\t\t\t\t\t\t\t\tGesundheitsdienste und Krankenh\u00e4user in Bremerhaven\t\t\t\t\t\t\t\t\t\t<\/div>\r\n\t\t\t\t\t\t\t\t\t<\/div>\r\n\t\t\t\t\t\t\t\t<\/div>\r\n\t\t\t\t\t\t\t\t<div class=\"desktop-accordion-content accordion-content \">\r\n\t\t\t\t\t\t\t\t\t<div class=\"row flex\">\r\n\t\t\t\t\t\t\t\t\t\t<div class=\"cl-12 accordion-content-light\">\r\n\t\t\t\t\t\t\t\t\t\t\t\t\t\t\t\t\t\t\t\t\t\t\t<div class=\"section-contact-useful-communication-tab-item\">\r\n\t\t\t\t\t\t\t\t\t\t\t\t\t<span class=\"title\">Klinikum Bremerhaven-Reinkenheide gGmbH (Hospital): <\/span>\r\n\t\t\t\t\t\t\t\t\t\t\t\t\t<span class=\"content\"><p>+49 471 2990<\/p>\n<\/span>\r\n\t\t\t\t\t\t\t\t\t\t\t\t<\/div>\r\n\t\t\t\t\t\t\t\t\t\t\t\t\t\t\t\t\t\t\t\t\t\t\t<div class=\"section-contact-useful-communication-tab-item\">\r\n\t\t\t\t\t\t\t\t\t\t\t\t\t<span class=\"title\">Lloyd Apotheke (Pharmacy):<\/span>\r\n\t\t\t\t\t\t\t\t\t\t\t\t\t<span class=\"content\"><p>+49 471 9460727<\/p>\n<\/span>\r\n\t\t\t\t\t\t\t\t\t\t\t\t<\/div>\r\n\t\t\t\t\t\t\t\t\t\t\t\t\t\t\t\t\t\t\t\t\t\t\t<div class=\"section-contact-useful-communication-tab-item\">\r\n\t\t\t\t\t\t\t\t\t\t\t\t\t<span class=\"title\">Sander Apotheke Mitte (Pharmacy): <\/span>\r\n\t\t\t\t\t\t\t\t\t\t\t\t\t<span class=\"content\"><p>+49 471 944770<\/p>\n<\/span>\r\n\t\t\t\t\t\t\t\t\t\t\t\t<\/div>\r\n\t\t\t\t\t\t\t\t\t\t\t\t\t\t\t\t\t\t\t\t\t<\/div>\r\n\t\t\t\t\t\t\t\t\t<\/div>\r\n\t\t\t\t\t\t\t\t<\/div>\r\n\t\t\t\t\t\t\t\t\t\t\t\t\t<\/div>\r\n\t\t\t\t\t<\/div>\r\n\t\t\t\t<\/div>\r\n\t\t\t<\/div>\r\n\t\t<\/div>\r\n\t<\/div>\r\n<\/section>\r\n\r\n\r\n\r\n<script>\r\n\tdocument.addEventListener(\"DOMContentLoaded\", function() {\r\n\t\tif (window.innerWidth <= 600) {\r\n\t\t\tdocument.querySelectorAll(\".accordion\").forEach(function(accordion) {\r\n\t\t\t\tconst headers = accordion.querySelectorAll(\".accordion-header\");\r\n\t\t\t\tlet contents = accordion.querySelectorAll(\".desktop-accordion-content\");\r\n\t\t\t\theaders.forEach((header, index) => {\r\n\t\t\t\t\theader.addEventListener(\"click\", function() {\r\n\t\t\t\t\t\tif (contents[index].classList.contains(\"active\")) {\r\n\t\t\t\t\t\t\tcontents[index].classList.remove(\"active\");\r\n\t\t\t\t\t\t\theader.classList.remove(\"active\");\r\n\t\t\t\t\t\t} else {\r\n\t\t\t\t\t\t\tcontents.forEach((c) => c.classList.remove(\"active\"));\r\n\t\t\t\t\t\t\theaders.forEach((h) => h.classList.remove(\"active\"));\r\n\t\t\t\t\t\t\tcontents[index].classList.add(\"active\");\r\n\t\t\t\t\t\t\theader.classList.add(\"active\");\r\n\t\t\t\t\t\t}\r\n\t\t\t\t\t});\r\n\t\t\t\t});\r\n\t\t\t});\r\n\t\t}\r\n\t});\r\n<\/script>","protected":false},"excerpt":{"rendered":"","protected":false},"author":1,"featured_media":0,"parent":0,"menu_order":9,"comment_status":"closed","ping_status":"closed","template":"","meta":{"_acf_changed":false,"footnotes":""},"class_list":["post-5962","page","type-page","status-publish","hentry"],"acf":[],"_links":{"self":[{"href":"https:\/\/bremerhavencruiseport.com\/de\/wp-json\/wp\/v2\/pages\/5962","targetHints":{"allow":["GET"]}}],"collection":[{"href":"https:\/\/bremerhavencruiseport.com\/de\/wp-json\/wp\/v2\/pages"}],"about":[{"href":"https:\/\/bremerhavencruiseport.com\/de\/wp-json\/wp\/v2\/types\/page"}],"author":[{"embeddable":true,"href":"https:\/\/bremerhavencruiseport.com\/de\/wp-json\/wp\/v2\/users\/1"}],"replies":[{"embeddable":true,"href":"https:\/\/bremerhavencruiseport.com\/de\/wp-json\/wp\/v2\/comments?post=5962"}],"version-history":[{"count":13,"href":"https:\/\/bremerhavencruiseport.com\/de\/wp-json\/wp\/v2\/pages\/5962\/revisions"}],"predecessor-version":[{"id":6902,"href":"https:\/\/bremerhavencruiseport.com\/de\/wp-json\/wp\/v2\/pages\/5962\/revisions\/6902"}],"wp:attachment":[{"href":"https:\/\/bremerhavencruiseport.com\/de\/wp-json\/wp\/v2\/media?parent=5962"}],"curies":[{"name":"wp","href":"https:\/\/api.w.org\/{rel}","templated":true}]}}