{"id":5939,"date":"2024-03-10T15:16:14","date_gmt":"2024-03-10T15:16:14","guid":{"rendered":"https:\/\/bremerhaven.globalcruiseports.com\/destination\/short-trips\/"},"modified":"2025-09-17T21:04:39","modified_gmt":"2025-09-17T21:04:39","slug":"kurztrips","status":"publish","type":"page","link":"https:\/\/bremerhavencruiseport.com\/de\/destination\/kurztrips\/","title":{"rendered":"Kurztrips"},"content":{"rendered":"\r\n<section class=\"section page page-bg-light \">\r\n\t<style>\r\n                .page-header-bg {\r\n                    background-image: url(https:\/\/bremerhavencruiseport.com\/wp-content\/uploads\/sites\/41\/2025\/03\/short-scaled.jpg);\r\n                    background-size: cover;\r\n                    background-position: center;\r\n                }\r\n\t\t\t\t.hero-content{\r\n\t\t\t\t    top: 50%;\r\n    \t\t\t\tposition: absolute;\r\n    \t\t\t\ttransform: translateY(-50%);\r\n\t\t\t\t}\r\n              <\/style><div class=\"page-header-bg pr\">\t<div class=\"container w100\">\r\n\t\t<div class=\"row flex hero-content\">\r\n\t\t\t<div class=\"cl-12 page-header\">\r\n\t\t\t<h5 class=\"uppercase\">\r\n\tDESTINATION >  Kurztrips<\/h5>\r\n\r\n\t\t\t\t<h1><\/h1>\r\n\t\t\t<\/div>\r\n\t\t<\/div>\r\n\t<\/div>\r\n\t<\/div>\r\n<\/section>\r\n\r\n<div class=\"section-page-top-menu-wrapper\">\r\n\t<nav class=\"menu-class\"><ul id=\"menu-destination\" class=\"menu flex align-i-center justify-c-center\"><li id=\"menu-item-906\" class=\"menu-item menu-item-type-post_type menu-item-object-page menu-item-906\"><a href=\"https:\/\/bremerhavencruiseport.com\/destination\/events\/\">Veranstaltung<\/a><\/li>\n<li id=\"menu-item-910\" class=\"menu-item menu-item-type-post_type menu-item-object-page menu-item-910\"><a href=\"https:\/\/bremerhavencruiseport.com\/destination\/top-attractions\/\">Sehensw\u00fcrdigkeit<\/a><\/li>\n<li id=\"menu-item-908\" class=\"menu-item menu-item-type-post_type menu-item-object-page menu-item-908\"><a href=\"https:\/\/bremerhavencruiseport.com\/destination\/short-trips\/\">Kurztrips<\/a><\/li>\n<li id=\"menu-item-907\" class=\"menu-item menu-item-type-post_type menu-item-object-page menu-item-907\"><a href=\"https:\/\/bremerhavencruiseport.com\/destination\/shop-dine\/\">Shopping &amp; Essen<\/a><\/li>\n<li id=\"menu-item-911\" class=\"menu-item menu-item-type-post_type menu-item-object-page menu-item-911\"><a href=\"https:\/\/bremerhavencruiseport.com\/destination\/what-to-buy\/\">Einkaufstipps<\/a><\/li>\n<\/ul><\/nav><\/div>\r\n\r\n<script>\r\n\tdocument.addEventListener(\"DOMContentLoaded\", function () {\r\n    \/\/ Sadece mobilde \u00e7al\u0131\u015ft\u0131r\r\n    if (window.innerWidth <= 768) {\r\n        var currentMenuItem = document.querySelector(\"#menu-destination .current-menu-item\");\r\n        if (currentMenuItem) {\r\n            currentMenuItem.scrollIntoView({\r\n                behavior: \"smooth\",\r\n                block: \"nearest\",\r\n                inline: \"center\"\r\n            });\r\n        }\r\n    }\r\n});\r\n\r\n<\/script>\r\n\r\n<section class=\"section section-content-title \">\r\n\t<div class=\"container\">\r\n\t\t<div class=\"row flex align-i-center\">\r\n\t\t\t<div class=\"cl-5\">\r\n\t\t\t\t<h3><\/h3>\r\n\t\t\t\t<h2>\r\n\t\t\t\t\tBremerhaven & Umzu erleben \t\t\t\t\t<br>\r\n\t\t\t\t\t<span class=\"primary-color\">Kurztrips<\/span>\r\n\t\t\t\t<\/h2>\r\n\t\t\t<\/div>\r\n\t\t\t<div class=\"cl-7\">\r\n\t\t\t\t<p class=\"grey-color\">Erleben Sie Bremerhaven und Umzu. Informieren Sie sich \u00fcber M\u00f6glichkeiten f\u00fcr Ihren Aufenthalt bei uns im Norden. <\/p>\r\n\t\t\t<\/div>\r\n\t\t<\/div>\r\n\t<\/div>\r\n<\/section>\r\n\r\n<section class=\"destination-posts-wrapper\">\r\n\t<div class=\"container\">\r\n\t\t<div id=\"posts-list-view\">\r\n\t\t\t<div class=\"row flex\">\r\n\t\t\t\t<div class=\"cl-12\">\r\n\t\t\t\t\t\r\n\t\t\t\t\t\t<div id=\"short-trips-container\" class=\"row flex flex-wrap list-posts\">\r\n\t\t\t\t\t\t\t<div class=\"cl-4\" id=\"pID-5758\">\r\n\t<div class=\"item\">\r\n\t\t<div class=\"post-destinations-listing-image\">\r\n\t\t\t<img decoding=\"async\" src=\"https:\/\/bremerhavencruiseport.com\/wp-content\/uploads\/sites\/41\/2025\/08\/Zoo_Am_Meer_ms_Geestemuende_cCarolin_Luetkenhaus-1.png\" alt=\"\" class=\"w100\" \/>\r\n\t\t\t\t\t<\/div>\r\n\t\t\t\t<div class=\"post-destinations-title\" style=\"align-items: start; gap: 20px; min-height: 4rem;\">\r\n\r\n\r\n\r\n\t\t\t<p style=\"max-width: 70%;\">Dicke P\u00f6tte Tour &#8211; Hafenrundfahrt<\/p>\r\n\t\t<div class=\"date\">\r\n\t\t\t2 - 2 1\/4 Stunden\r\n\t\t\t<svg xmlns=\"http:\/\/www.w3.org\/2000\/svg\" width=\"20.471\" height=\"20.471\" viewBox=\"0 0 20.471 20.471\"><path id=\"Icon_awesome-clock\" data-name=\"Icon awesome-clock\" d=\"M10.8.563A10.235,10.235,0,1,0,21.033,10.8,10.234,10.234,0,0,0,10.8.563Zm2.357,14.449-3.64-2.646a.5.5,0,0,1-.2-.4V5.02a.5.5,0,0,1,.5-.5h1.981a.5.5,0,0,1,.5.5V10.7L14.9,12.61a.5.5,0,0,1,.107.693l-1.164,1.6A.5.5,0,0,1,13.154,15.012Z\" transform=\"translate(-0.563 -0.563)\" fill=\"#707070\"\/><\/svg>\r\n\t\t<\/div>\r\n\t\t\t\t<\/div>\r\n\r\n\r\n\t\t<div class=\"post-destinations-summary\">\r\n\t\t\tAuf unserer Weserrundfahrt entlang der gro\u00dfen Hafenanlagen von Bremerhaven begegnen Sie den gro\u00dfen Frachtschiffen aus aller Herren L\u00e4nder. An der l\u00e4ngsten Containerkaje der Welt k\u00f6nnen Sie das Be- und Entladen hautnah erleben.\r\n\r\nKreuzfahrtschiffe, Schlepper, Bulk-Carrier, Feeder-Schiffe. Umfassender kann man die heutige Seefahrt nicht pr\u00e4sentieren. (c)https:\/\/ms-geestemuende.de\/weserrundfahrt\t\t<\/div>\r\n\t\t\t\t\t<div class=\"post-destinations-learn-more\">\r\n\t\t\t\t<a href=\"https:\/\/bremerhavencruiseport.com\/de\/kurztrips\/dicke-potte-tour-harbour-tour\/\" class=\"cta primary-color\">\r\n\t\t\t\t\tMEHR ERFAHREN\r\n\t\t\t\t\t<svg xmlns=\"http:\/\/www.w3.org\/2000\/svg\" width=\"12.828\" height=\"12.829\" viewBox=\"0 0 12.828 12.829\">\r\n\t\t\t\t\t\t<g id=\"Icon_feather-arrow-up-right\" data-name=\"Icon feather-arrow-up-right\"\r\n\t\t\t\t\t\t\ttransform=\"translate(-9.086 -9.086)\">\r\n\t\t\t\t\t\t\t<path id=\"Path_3\" data-name=\"Path 3\" d=\"M10.5,20.5l10-10\" fill=\"none\" class=\"primary-stroke\"\r\n\t\t\t\t\t\t\t\tstroke-linecap=\"round\" stroke-linejoin=\"round\" stroke-width=\"2\"><\/path>\r\n\t\t\t\t\t\t\t<path id=\"Path_4\" data-name=\"Path 4\" d=\"M10.5,10.5h10v10\" fill=\"none\" class=\"primary-stroke\"\r\n\t\t\t\t\t\t\t\tstroke-linecap=\"round\" stroke-linejoin=\"round\" stroke-width=\"2\"><\/path>\r\n\t\t\t\t\t\t<\/g>\r\n\t\t\t\t\t<\/svg>\r\n\t\t\t\t<\/a>\r\n\t\t\t<\/div>\r\n\t\t\r\n\t<\/div>\r\n<\/div><div class=\"cl-4\" id=\"pID-5765\">\r\n\t<div class=\"item\">\r\n\t\t<div class=\"post-destinations-listing-image\">\r\n\t\t\t<img decoding=\"async\" src=\"https:\/\/bremerhavencruiseport.com\/wp-content\/uploads\/sites\/41\/2025\/08\/BHV_Trips_Heligoland-1.png\" alt=\"\" class=\"w100\" \/>\r\n\t\t\t\t\t<\/div>\r\n\t\t\t\t<div class=\"post-destinations-title\" style=\"align-items: start; gap: 20px; min-height: 4rem;\">\r\n\r\n\r\n\r\n\t\t\t<p style=\"max-width: 70%;\">Tagesausflug nach Helgoland<\/p>\r\n\t\t<div class=\"date\">\r\n\t\t\tCa. 10 Stunden\r\n\t\t\t<svg xmlns=\"http:\/\/www.w3.org\/2000\/svg\" width=\"20.471\" height=\"20.471\" viewBox=\"0 0 20.471 20.471\"><path id=\"Icon_awesome-clock\" data-name=\"Icon awesome-clock\" d=\"M10.8.563A10.235,10.235,0,1,0,21.033,10.8,10.234,10.234,0,0,0,10.8.563Zm2.357,14.449-3.64-2.646a.5.5,0,0,1-.2-.4V5.02a.5.5,0,0,1,.5-.5h1.981a.5.5,0,0,1,.5.5V10.7L14.9,12.61a.5.5,0,0,1,.107.693l-1.164,1.6A.5.5,0,0,1,13.154,15.012Z\" transform=\"translate(-0.563 -0.563)\" fill=\"#707070\"\/><\/svg>\r\n\t\t<\/div>\r\n\t\t\t\t<\/div>\r\n\r\n\r\n\t\t<div class=\"post-destinations-summary\">\r\n\t\t\tFahren Sie mit dem Seeb\u00e4derschiff MS \"Fair Lady\"\" auf einem Tagesausflug von Bremerhaven zur vorgelagerten Insel Helgoland.\r\n\r\nHelgoland ist bekannt f\u00fcr sein Wahrzeichen, den \"Roten Felsen\" \"Lange Anna\", und die typischen Hummerbuden. Die Insel liegt weit drau\u00dfen in der Deutschen Bucht, knapp 60 km vor der nieders\u00e4chsischen K\u00fcste.  W\u00e4hrend Ihres Aufenthaltes haben Sie gen\u00fcgend Zeit, die Insel zu erkunden oder in den zollfreien Gesch\u00e4ften zu st\u00f6bern.\t\t<\/div>\r\n\t\t\t\t\t<div class=\"post-destinations-learn-more\">\r\n\t\t\t\t<a href=\"https:\/\/bremerhavencruiseport.com\/de\/kurztrips\/day-trip-to-heligoland\/\" class=\"cta primary-color\">\r\n\t\t\t\t\tMEHR ERFAHREN\r\n\t\t\t\t\t<svg xmlns=\"http:\/\/www.w3.org\/2000\/svg\" width=\"12.828\" height=\"12.829\" viewBox=\"0 0 12.828 12.829\">\r\n\t\t\t\t\t\t<g id=\"Icon_feather-arrow-up-right\" data-name=\"Icon feather-arrow-up-right\"\r\n\t\t\t\t\t\t\ttransform=\"translate(-9.086 -9.086)\">\r\n\t\t\t\t\t\t\t<path id=\"Path_3\" data-name=\"Path 3\" d=\"M10.5,20.5l10-10\" fill=\"none\" class=\"primary-stroke\"\r\n\t\t\t\t\t\t\t\tstroke-linecap=\"round\" stroke-linejoin=\"round\" stroke-width=\"2\"><\/path>\r\n\t\t\t\t\t\t\t<path id=\"Path_4\" data-name=\"Path 4\" d=\"M10.5,10.5h10v10\" fill=\"none\" class=\"primary-stroke\"\r\n\t\t\t\t\t\t\t\tstroke-linecap=\"round\" stroke-linejoin=\"round\" stroke-width=\"2\"><\/path>\r\n\t\t\t\t\t\t<\/g>\r\n\t\t\t\t\t<\/svg>\r\n\t\t\t\t<\/a>\r\n\t\t\t<\/div>\r\n\t\t\r\n\t<\/div>\r\n<\/div>\t\t\t\t\t\t<\/div>\r\n\t\t\t\t\t\t<!--\r\n\t\t\t\t\t\t<div id=\"load-more-container\">\r\n\t\t\t\t\t\t\t<button id=\"load-more-button\">LOAD MORE<\/button>\r\n\t\t\t\t\t\t<\/div>\r\n\t\t\t\t\t\t-->\r\n\r\n\t\t\t\t\t\t<script>\r\n\t\t\t\t\t\t\tjQuery(function($) {\r\n\t\t\t\t\t\t\t\tvar page = 1;\r\n\t\t\t\t\t\t\t\t$('#load-more-button').on('click', function() {\r\n\t\t\t\t\t\t\t\t\tpage++;\r\n\t\t\t\t\t\t\t\t\tvar data = {\r\n\t\t\t\t\t\t\t\t\t\t'action': 'load_more_shop_dine',\r\n\t\t\t\t\t\t\t\t\t\t'page': page,\r\n\t\t\t\t\t\t\t\t\t};\r\n\t\t\t\t\t\t\t\t\t$.post('https:\/\/bremerhavencruiseport.com\/wp-admin\/admin-ajax.php', data, function(response) {\r\n\t\t\t\t\t\t\t\t\t\t$('#top-attractions-container').append(response);\r\n\t\t\t\t\t\t\t\t\t\tif (response == '') {\r\n\t\t\t\t\t\t\t\t\t\t\t$('#load-more-button').hide();\r\n\t\t\t\t\t\t\t\t\t\t}\r\n\t\t\t\t\t\t\t\t\t});\r\n\t\t\t\t\t\t\t\t});\r\n\t\t\t\t\t\t\t});\r\n\t\t\t\t\t\t<\/script>\r\n\r\n\t\t\t\t\t\r\n\t\t\t\t<\/div>\r\n\t\t\t<\/div>\r\n\t\t<\/div>\r\n\t<\/div>\r\n<\/section>\r\n\r\n\n\n\r\n\r\n\t<section class=\"section section-content-title section-destinations-others-slider-row footer-space-mr \">\r\n\t\t<div class=\"container\">\r\n\t\t\t<div class=\"row flex align-i-center\">\r\n\t\t\t\t<div class=\"cl-5\">\r\n\t\t\t\t\t\t\t\t\t\t\t<h3>MEHR ZU ENTDECKEN<\/h3>\r\n\t\t\t\t\t\t\t\t\t\t<h2>\r\n\t\t\t\t\t\tLass uns einkaufen\t\t\t\t\t\t<br>\r\n\t\t\t\t\t\t<span class=\"primary-color\">Shopping & Essen<\/span>\r\n\t\t\t\t\t<\/h2>\r\n\t\t\t\t<\/div>\r\n\t\t\t\t<div class=\"cl-7\">\r\n\t\t\t\t\t<p class=\"grey-color\">Entdecken Sie eine gro\u00dfe Auswahl an lokalen Produkten, handgefertigten Sch\u00e4tzen und einzigartigen Geschenken, die den Geist der Region widerspiegeln.<\/p>\r\n\t\t\t\t<\/div>\r\n\t\t\t<\/div>\r\n\t\t\t<div class=\"row flex align-i-center destination-other-posts-wrapper\">\r\n\t\t\t\t\r\n\t\t\t\t\t\t\t\t\t\t\t\t<div class=\"cl-4\" id=\"pID-5755\">\r\n\t\t\t\t\t\t\t<div class=\"item\">\r\n\t\t\t\t\t\t\t\t<div class=\"post-destinations-listing-image\">\r\n\t\t\t\t\t\t\t\t\t<img decoding=\"async\" src=\"https:\/\/bremerhavencruiseport.com\/wp-content\/uploads\/sites\/41\/2025\/08\/BHV_Shop_window_fishery_harbor-c-Tanja_Mehl_Erlebnis-Bremerhaven-1-1.png\" alt=\"\" class=\"w100\" \/>\r\n\t\t\t\t\t\t\t\t\t\t\t\t\t\t\t\t\t<\/div>\r\n\t\t\t\t\t\t\t\t<div class=\"post-destinations-title\">\r\n\t\t\t\t\t\t\t\t\tSchaufenster Fischereihafen\t\t\t\t\t\t\t\t<\/div>\r\n\t\t\t\t\t\t\t\t<div class=\"post-destinations-learn-more\">\r\n\t\t\t\t\t\t\t\t\t<a href=\"https:\/\/bremerhavencruiseport.com\/de\/shopping-essen\/schaufenster-fischereihafen\/\" class=\"cta primary-color\">\r\n\t\t\t\t\t\t\t\t\t\tMEHR ERFAHREN\t\t\t\t\t\t\t\t\t\t<svg xmlns=\"http:\/\/www.w3.org\/2000\/svg\" width=\"12.828\" height=\"12.829\" viewBox=\"0 0 12.828 12.829\">\r\n\t\t\t\t\t\t\t\t\t\t\t<g id=\"Icon_feather-arrow-up-right\" data-name=\"Icon feather-arrow-up-right\" transform=\"translate(-9.086 -9.086)\">\r\n\t\t\t\t\t\t\t\t\t\t\t\t<path id=\"Path_3\" data-name=\"Path 3\" d=\"M10.5,20.5l10-10\" fill=\"none\" class=\"primary-stroke\" stroke-linecap=\"round\" stroke-linejoin=\"round\" stroke-width=\"2\"><\/path>\r\n\t\t\t\t\t\t\t\t\t\t\t\t<path id=\"Path_4\" data-name=\"Path 4\" d=\"M10.5,10.5h10v10\" fill=\"none\" class=\"primary-stroke\" stroke-linecap=\"round\" stroke-linejoin=\"round\" stroke-width=\"2\"><\/path>\r\n\t\t\t\t\t\t\t\t\t\t\t<\/g>\r\n\t\t\t\t\t\t\t\t\t\t<\/svg>\r\n\t\t\t\t\t\t\t\t\t<\/a>\r\n\t\t\t\t\t\t\t\t<\/div>\r\n\t\t\t\t\t\t\t<\/div>\r\n\t\t\t\t\t\t<\/div>\r\n\r\n\t\t\t\t\r\n\t\t\t\t\t\t\t\t\t\t\t\t<div class=\"cl-4\" id=\"pID-5752\">\r\n\t\t\t\t\t\t\t<div class=\"item\">\r\n\t\t\t\t\t\t\t\t<div class=\"post-destinations-listing-image\">\r\n\t\t\t\t\t\t\t\t\t<img decoding=\"async\" src=\"https:\/\/bremerhavencruiseport.com\/wp-content\/uploads\/sites\/41\/2025\/08\/cArnd-Hartmann_Nordseezeitung_Mein-Outlet-1.png\" alt=\"\" class=\"w100\" \/>\r\n\t\t\t\t\t\t\t\t\t\t\t\t\t\t\t\t\t<\/div>\r\n\t\t\t\t\t\t\t\t<div class=\"post-destinations-title\">\r\n\t\t\t\t\t\t\t\t\tMein Outlet &#038; Shopping Center\t\t\t\t\t\t\t\t<\/div>\r\n\t\t\t\t\t\t\t\t<div class=\"post-destinations-learn-more\">\r\n\t\t\t\t\t\t\t\t\t<a href=\"https:\/\/bremerhavencruiseport.com\/de\/shopping-essen\/mein-outlet-shopping-center\/\" class=\"cta primary-color\">\r\n\t\t\t\t\t\t\t\t\t\tMEHR ERFAHREN\t\t\t\t\t\t\t\t\t\t<svg xmlns=\"http:\/\/www.w3.org\/2000\/svg\" width=\"12.828\" height=\"12.829\" viewBox=\"0 0 12.828 12.829\">\r\n\t\t\t\t\t\t\t\t\t\t\t<g id=\"Icon_feather-arrow-up-right\" data-name=\"Icon feather-arrow-up-right\" transform=\"translate(-9.086 -9.086)\">\r\n\t\t\t\t\t\t\t\t\t\t\t\t<path id=\"Path_3\" data-name=\"Path 3\" d=\"M10.5,20.5l10-10\" fill=\"none\" class=\"primary-stroke\" stroke-linecap=\"round\" stroke-linejoin=\"round\" stroke-width=\"2\"><\/path>\r\n\t\t\t\t\t\t\t\t\t\t\t\t<path id=\"Path_4\" data-name=\"Path 4\" d=\"M10.5,10.5h10v10\" fill=\"none\" class=\"primary-stroke\" stroke-linecap=\"round\" stroke-linejoin=\"round\" stroke-width=\"2\"><\/path>\r\n\t\t\t\t\t\t\t\t\t\t\t<\/g>\r\n\t\t\t\t\t\t\t\t\t\t<\/svg>\r\n\t\t\t\t\t\t\t\t\t<\/a>\r\n\t\t\t\t\t\t\t\t<\/div>\r\n\t\t\t\t\t\t\t<\/div>\r\n\t\t\t\t\t\t<\/div>\r\n\r\n\t\t\t\t\r\n\t\t\t<\/div>\r\n\t\t<\/div>\r\n\t<\/section>\r\n","protected":false},"excerpt":{"rendered":"","protected":false},"author":1,"featured_media":0,"parent":5908,"menu_order":62,"comment_status":"closed","ping_status":"closed","template":"","meta":{"_acf_changed":false,"footnotes":""},"class_list":["post-5939","page","type-page","status-publish","hentry"],"acf":[],"_links":{"self":[{"href":"https:\/\/bremerhavencruiseport.com\/de\/wp-json\/wp\/v2\/pages\/5939","targetHints":{"allow":["GET"]}}],"collection":[{"href":"https:\/\/bremerhavencruiseport.com\/de\/wp-json\/wp\/v2\/pages"}],"about":[{"href":"https:\/\/bremerhavencruiseport.com\/de\/wp-json\/wp\/v2\/types\/page"}],"author":[{"embeddable":true,"href":"https:\/\/bremerhavencruiseport.com\/de\/wp-json\/wp\/v2\/users\/1"}],"replies":[{"embeddable":true,"href":"https:\/\/bremerhavencruiseport.com\/de\/wp-json\/wp\/v2\/comments?post=5939"}],"version-history":[{"count":7,"href":"https:\/\/bremerhavencruiseport.com\/de\/wp-json\/wp\/v2\/pages\/5939\/revisions"}],"predecessor-version":[{"id":6636,"href":"https:\/\/bremerhavencruiseport.com\/de\/wp-json\/wp\/v2\/pages\/5939\/revisions\/6636"}],"up":[{"embeddable":true,"href":"https:\/\/bremerhavencruiseport.com\/de\/wp-json\/wp\/v2\/pages\/5908"}],"wp:attachment":[{"href":"https:\/\/bremerhavencruiseport.com\/de\/wp-json\/wp\/v2\/media?parent=5939"}],"curies":[{"name":"wp","href":"https:\/\/api.w.org\/{rel}","templated":true}]}}